{"id":23776,"date":"2020-07-09T14:19:40","date_gmt":"2020-07-09T12:19:40","guid":{"rendered":"https:\/\/kulturamoldava.sk\/?page_id=23776"},"modified":"2020-07-09T14:20:10","modified_gmt":"2020-07-09T12:20:10","slug":"register-zmluv-a-dohod-2016","status":"publish","type":"page","link":"https:\/\/kulturamoldava.sk\/hu\/register-zmluv-a-dohod-2016\/","title":{"rendered":"Szerz\u0151d\u00e9sek \u00e9s meg\u00e1llapod\u00e1sok"},"content":{"rendered":"<h3 class=\"wp-block-heading\">ROK 2016<\/h3>\n\n\n\n<div class=\"wp-block-file\"><a href=\"https:\/\/kulturamoldava.sk\/wp-content\/uploads\/2020\/07\/autoskola_prenajom-dodatok.pdf\">autoskola_prenajom-dodatok<\/a><a href=\"https:\/\/kulturamoldava.sk\/wp-content\/uploads\/2020\/07\/autoskola_prenajom-dodatok.pdf\" class=\"wp-block-file__button\" download>Stiahnu\u0165<\/a><\/div>\n\n\n\n<div class=\"wp-block-file\"><a href=\"https:\/\/kulturamoldava.sk\/wp-content\/uploads\/2020\/07\/cserpes_laura.pdf\">cserpes_laura<\/a><a href=\"https:\/\/kulturamoldava.sk\/wp-content\/uploads\/2020\/07\/cserpes_laura.pdf\" class=\"wp-block-file__button\" download>Stiahnu\u0165<\/a><\/div>\n\n\n\n<div class=\"wp-block-file\"><a href=\"https:\/\/kulturamoldava.sk\/wp-content\/uploads\/2020\/07\/dj_deka_30.4.2016.pdf\">dj_deka_30.4.2016<\/a><a href=\"https:\/\/kulturamoldava.sk\/wp-content\/uploads\/2020\/07\/dj_deka_30.4.2016.pdf\" class=\"wp-block-file__button\" download>Stiahnu\u0165<\/a><\/div>\n\n\n\n<div class=\"wp-block-file\"><a href=\"https:\/\/kulturamoldava.sk\/wp-content\/uploads\/2020\/07\/dominika_mirgova.pdf\">dominika_mirgova<\/a><a href=\"https:\/\/kulturamoldava.sk\/wp-content\/uploads\/2020\/07\/dominika_mirgova.pdf\" class=\"wp-block-file__button\" download>Stiahnu\u0165<\/a><\/div>\n\n\n\n<div class=\"wp-block-file\"><a href=\"https:\/\/kulturamoldava.sk\/wp-content\/uploads\/2020\/07\/expres_street_party_zmluva_podpisana.pdf\">expres_street_party_zmluva_podpisana<\/a><a href=\"https:\/\/kulturamoldava.sk\/wp-content\/uploads\/2020\/07\/expres_street_party_zmluva_podpisana.pdf\" class=\"wp-block-file__button\" download>Stiahnu\u0165<\/a><\/div>\n\n\n\n<div class=\"wp-block-file\"><a href=\"https:\/\/kulturamoldava.sk\/wp-content\/uploads\/2020\/07\/folk_fc_23.4.2016.pdf\">folk_fc_23.4.2016<\/a><a href=\"https:\/\/kulturamoldava.sk\/wp-content\/uploads\/2020\/07\/folk_fc_23.4.2016.pdf\" class=\"wp-block-file__button\" download>Stiahnu\u0165<\/a><\/div>\n\n\n\n<div class=\"wp-block-file\"><a href=\"https:\/\/kulturamoldava.sk\/wp-content\/uploads\/2020\/07\/harcosok_tancosai_miskolc_30.4.2016.pdf\">harcosok_tancosai_miskolc_30.4.2016<\/a><a href=\"https:\/\/kulturamoldava.sk\/wp-content\/uploads\/2020\/07\/harcosok_tancosai_miskolc_30.4.2016.pdf\" class=\"wp-block-file__button\" download>Stiahnu\u0165<\/a><\/div>\n\n\n\n<div class=\"wp-block-file\"><a href=\"https:\/\/kulturamoldava.sk\/wp-content\/uploads\/2020\/07\/ing._jozef_matis_21.4.2016.pdf\">ing._jozef_matis_21.4.2016<\/a><a href=\"https:\/\/kulturamoldava.sk\/wp-content\/uploads\/2020\/07\/ing._jozef_matis_21.4.2016.pdf\" class=\"wp-block-file__button\" download>Stiahnu\u0165<\/a><\/div>\n\n\n\n<div class=\"wp-block-file\"><a href=\"https:\/\/kulturamoldava.sk\/wp-content\/uploads\/2020\/07\/ing._peter_tomto_30.4.2016.pdf\">ing._peter_tomto_30.4.2016<\/a><a href=\"https:\/\/kulturamoldava.sk\/wp-content\/uploads\/2020\/07\/ing._peter_tomto_30.4.2016.pdf\" class=\"wp-block-file__button\" download>Stiahnu\u0165<\/a><\/div>\n\n\n\n<div class=\"wp-block-file\"><a href=\"https:\/\/kulturamoldava.sk\/wp-content\/uploads\/2020\/07\/mgr._nikola_kolozova_30.4.2016.pdf\">mgr._nikola_kolozova_30.4.2016<\/a><a href=\"https:\/\/kulturamoldava.sk\/wp-content\/uploads\/2020\/07\/mgr._nikola_kolozova_30.4.2016.pdf\" class=\"wp-block-file__button\" download>Stiahnu\u0165<\/a><\/div>\n\n\n\n<div class=\"wp-block-file\"><a href=\"https:\/\/kulturamoldava.sk\/wp-content\/uploads\/2020\/07\/rubint_reka_zmluva.pdf\">rubint_reka_zmluva<\/a><a href=\"https:\/\/kulturamoldava.sk\/wp-content\/uploads\/2020\/07\/rubint_reka_zmluva.pdf\" class=\"wp-block-file__button\" download>Stiahnu\u0165<\/a><\/div>\n\n\n\n<div class=\"wp-block-file\"><a href=\"https:\/\/kulturamoldava.sk\/wp-content\/uploads\/2020\/07\/somorovsky_12.4.2016.pdf\">somorovsky_12.4.2016<\/a><a href=\"https:\/\/kulturamoldava.sk\/wp-content\/uploads\/2020\/07\/somorovsky_12.4.2016.pdf\" class=\"wp-block-file__button\" download>Stiahnu\u0165<\/a><\/div>\n\n\n\n<div class=\"wp-block-file\"><a href=\"https:\/\/kulturamoldava.sk\/wp-content\/uploads\/2020\/07\/somorovsky_16.2.2016_.pdf\">somorovsky_16.2.2016_<\/a><a href=\"https:\/\/kulturamoldava.sk\/wp-content\/uploads\/2020\/07\/somorovsky_16.2.2016_.pdf\" class=\"wp-block-file__button\" download>Stiahnu\u0165<\/a><\/div>\n\n\n\n<div class=\"wp-block-file\"><a href=\"https:\/\/kulturamoldava.sk\/wp-content\/uploads\/2020\/07\/thalia-_mirandolina-zmluva.pdf\">thalia-_mirandolina-zmluva<\/a><a href=\"https:\/\/kulturamoldava.sk\/wp-content\/uploads\/2020\/07\/thalia-_mirandolina-zmluva.pdf\" class=\"wp-block-file__button\" download>Stiahnu\u0165<\/a><\/div>\n\n\n\n<div class=\"wp-block-file\"><a href=\"https:\/\/kulturamoldava.sk\/wp-content\/uploads\/2020\/07\/tolfi211.pdf\">tolfi211<\/a><a href=\"https:\/\/kulturamoldava.sk\/wp-content\/uploads\/2020\/07\/tolfi211.pdf\" class=\"wp-block-file__button\" download>Stiahnu\u0165<\/a><\/div>\n\n\n\n<div class=\"wp-block-file\"><a href=\"https:\/\/kulturamoldava.sk\/wp-content\/uploads\/2020\/07\/travnaty_koberec-faktura.pdf\">travnaty_koberec-faktura<\/a><a href=\"https:\/\/kulturamoldava.sk\/wp-content\/uploads\/2020\/07\/travnaty_koberec-faktura.pdf\" class=\"wp-block-file__button\" download>Stiahnu\u0165<\/a><\/div>\n\n\n\n<div class=\"wp-block-file\"><a href=\"https:\/\/kulturamoldava.sk\/wp-content\/uploads\/2020\/07\/upc-prenajom-dodatok.pdf\">upc-prenajom-dodatok<\/a><a href=\"https:\/\/kulturamoldava.sk\/wp-content\/uploads\/2020\/07\/upc-prenajom-dodatok.pdf\" class=\"wp-block-file__button\" download>Stiahnu\u0165<\/a><\/div>\n\n\n\n<div class=\"wp-block-file\"><a href=\"https:\/\/kulturamoldava.sk\/wp-content\/uploads\/2020\/07\/viktor_szeman_23.4.2016.pdf\">viktor_szeman_23.4.2016<\/a><a href=\"https:\/\/kulturamoldava.sk\/wp-content\/uploads\/2020\/07\/viktor_szeman_23.4.2016.pdf\" class=\"wp-block-file__button\" download>Stiahnu\u0165<\/a><\/div>\n\n\n\n<div class=\"wp-block-file\"><a href=\"https:\/\/kulturamoldava.sk\/wp-content\/uploads\/2020\/07\/xenia_horvathova_6.5.2016.pdf\">xenia_horvathova_6.5.2016<\/a><a href=\"https:\/\/kulturamoldava.sk\/wp-content\/uploads\/2020\/07\/xenia_horvathova_6.5.2016.pdf\" class=\"wp-block-file__button\" download>Stiahnu\u0165<\/a><\/div>\n\n\n\n<div class=\"wp-block-file\"><a href=\"https:\/\/kulturamoldava.sk\/wp-content\/uploads\/2020\/07\/xenia_horvathova_21.4.2016.pdf\">xenia_horvathova_21.4.2016<\/a><a href=\"https:\/\/kulturamoldava.sk\/wp-content\/uploads\/2020\/07\/xenia_horvathova_21.4.2016.pdf\" class=\"wp-block-file__button\" download>Stiahnu\u0165<\/a><\/div>\n\n\n\n<div class=\"wp-block-file\"><a href=\"https:\/\/kulturamoldava.sk\/wp-content\/uploads\/2020\/07\/zmluva_o_dielo_3_6_2016.pdf\">zmluva_o_dielo_3_6_2016<\/a><a href=\"https:\/\/kulturamoldava.sk\/wp-content\/uploads\/2020\/07\/zmluva_o_dielo_3_6_2016.pdf\" class=\"wp-block-file__button\" download>Stiahnu\u0165<\/a><\/div>\n\n\n\n<div class=\"wp-block-file\"><a href=\"https:\/\/kulturamoldava.sk\/wp-content\/uploads\/2020\/07\/zmluva_o_dielo_5_6_2016.pdf\">zmluva_o_dielo_5_6_2016<\/a><a href=\"https:\/\/kulturamoldava.sk\/wp-content\/uploads\/2020\/07\/zmluva_o_dielo_5_6_2016.pdf\" class=\"wp-block-file__button\" download>Stiahnu\u0165<\/a><\/div>\n\n\n\n<div class=\"wp-block-file\"><a href=\"https:\/\/kulturamoldava.sk\/wp-content\/uploads\/2020\/07\/zmluva_o_dielo_6_6_2016.pdf\">zmluva_o_dielo_6_6_2016<\/a><a href=\"https:\/\/kulturamoldava.sk\/wp-content\/uploads\/2020\/07\/zmluva_o_dielo_6_6_2016.pdf\" class=\"wp-block-file__button\" download>Stiahnu\u0165<\/a><\/div>\n\n\n\n<div class=\"wp-block-file\"><a href=\"https:\/\/kulturamoldava.sk\/wp-content\/uploads\/2020\/07\/zmluva_o_dielo_7_10_2016.pdf\">zmluva_o_dielo_7_10_2016<\/a><a href=\"https:\/\/kulturamoldava.sk\/wp-content\/uploads\/2020\/07\/zmluva_o_dielo_7_10_2016.pdf\" class=\"wp-block-file__button\" download>Stiahnu\u0165<\/a><\/div>\n\n\n\n<div class=\"wp-block-file\"><a href=\"https:\/\/kulturamoldava.sk\/wp-content\/uploads\/2020\/07\/zmluva_o_dielo_8_6_2016.pdf\">zmluva_o_dielo_8_6_2016<\/a><a href=\"https:\/\/kulturamoldava.sk\/wp-content\/uploads\/2020\/07\/zmluva_o_dielo_8_6_2016.pdf\" class=\"wp-block-file__button\" download>Stiahnu\u0165<\/a><\/div>\n\n\n\n<div class=\"wp-block-file\"><a href=\"https:\/\/kulturamoldava.sk\/wp-content\/uploads\/2020\/07\/zmluva_o_dielo_8_9_2016_02.pdf\">zmluva_o_dielo_8_9_2016_02<\/a><a href=\"https:\/\/kulturamoldava.sk\/wp-content\/uploads\/2020\/07\/zmluva_o_dielo_8_9_2016_02.pdf\" class=\"wp-block-file__button\" download>Stiahnu\u0165<\/a><\/div>\n\n\n\n<div class=\"wp-block-file\"><a href=\"https:\/\/kulturamoldava.sk\/wp-content\/uploads\/2020\/07\/zmluva_o_dielo_8_9_2016.pdf\">zmluva_o_dielo_8_9_2016<\/a><a href=\"https:\/\/kulturamoldava.sk\/wp-content\/uploads\/2020\/07\/zmluva_o_dielo_8_9_2016.pdf\" class=\"wp-block-file__button\" download>Stiahnu\u0165<\/a><\/div>\n\n\n\n<div class=\"wp-block-file\"><a href=\"https:\/\/kulturamoldava.sk\/wp-content\/uploads\/2020\/07\/zmluva_o_dielo_9_9_2016.pdf\">zmluva_o_dielo_9_9_2016<\/a><a href=\"https:\/\/kulturamoldava.sk\/wp-content\/uploads\/2020\/07\/zmluva_o_dielo_9_9_2016.pdf\" class=\"wp-block-file__button\" download>Stiahnu\u0165<\/a><\/div>\n\n\n\n<div class=\"wp-block-file\"><a href=\"https:\/\/kulturamoldava.sk\/wp-content\/uploads\/2020\/07\/zmluva_o_dielo_14_7_2016_podpisane.pdf\">zmluva_o_dielo_14_7_2016_podpisane<\/a><a href=\"https:\/\/kulturamoldava.sk\/wp-content\/uploads\/2020\/07\/zmluva_o_dielo_14_7_2016_podpisane.pdf\" class=\"wp-block-file__button\" download>Stiahnu\u0165<\/a><\/div>\n\n\n\n<div class=\"wp-block-file\"><a href=\"https:\/\/kulturamoldava.sk\/wp-content\/uploads\/2020\/07\/zmluva_o_dielo_14_9_2016.pdf\">zmluva_o_dielo_14_9_2016<\/a><a href=\"https:\/\/kulturamoldava.sk\/wp-content\/uploads\/2020\/07\/zmluva_o_dielo_14_9_2016.pdf\" class=\"wp-block-file__button\" download>Stiahnu\u0165<\/a><\/div>\n\n\n\n<div class=\"wp-block-file\"><a href=\"https:\/\/kulturamoldava.sk\/wp-content\/uploads\/2020\/07\/zmluva_o_dielo_20.5.2016_.pdf\">zmluva_o_dielo_20.5.2016_<\/a><a href=\"https:\/\/kulturamoldava.sk\/wp-content\/uploads\/2020\/07\/zmluva_o_dielo_20.5.2016_.pdf\" class=\"wp-block-file__button\" download>Stiahnu\u0165<\/a><\/div>\n\n\n\n<div class=\"wp-block-file\"><a href=\"https:\/\/kulturamoldava.sk\/wp-content\/uploads\/2020\/07\/zmluva_o_dielo_22_6_2016.pdf\">zmluva_o_dielo_22_6_2016<\/a><a href=\"https:\/\/kulturamoldava.sk\/wp-content\/uploads\/2020\/07\/zmluva_o_dielo_22_6_2016.pdf\" class=\"wp-block-file__button\" download>Stiahnu\u0165<\/a><\/div>\n\n\n\n<div class=\"wp-block-file\"><a href=\"https:\/\/kulturamoldava.sk\/wp-content\/uploads\/2020\/07\/zmluva_o_dielo_23_6_2016.pdf\">zmluva_o_dielo_23_6_2016<\/a><a href=\"https:\/\/kulturamoldava.sk\/wp-content\/uploads\/2020\/07\/zmluva_o_dielo_23_6_2016.pdf\" class=\"wp-block-file__button\" download>Stiahnu\u0165<\/a><\/div>\n\n\n\n<div class=\"wp-block-file\"><a href=\"https:\/\/kulturamoldava.sk\/wp-content\/uploads\/2020\/07\/zmluva_o_dielo_24_6_2016_02.pdf\">zmluva_o_dielo_24_6_2016_02<\/a><a href=\"https:\/\/kulturamoldava.sk\/wp-content\/uploads\/2020\/07\/zmluva_o_dielo_24_6_2016_02.pdf\" class=\"wp-block-file__button\" download>Stiahnu\u0165<\/a><\/div>\n\n\n\n<div class=\"wp-block-file\"><a href=\"https:\/\/kulturamoldava.sk\/wp-content\/uploads\/2020\/07\/zmluva_o_dielo_26_9_2016.pdf\">zmluva_o_dielo_26_9_2016<\/a><a href=\"https:\/\/kulturamoldava.sk\/wp-content\/uploads\/2020\/07\/zmluva_o_dielo_26_9_2016.pdf\" class=\"wp-block-file__button\" download>Stiahnu\u0165<\/a><\/div>\n\n\n\n<div class=\"wp-block-file\"><a href=\"https:\/\/kulturamoldava.sk\/wp-content\/uploads\/2020\/07\/zmluva_o_dielo_26.6.2016.pdf\">zmluva_o_dielo_26.6.2016<\/a><a href=\"https:\/\/kulturamoldava.sk\/wp-content\/uploads\/2020\/07\/zmluva_o_dielo_26.6.2016.pdf\" class=\"wp-block-file__button\" download>Stiahnu\u0165<\/a><\/div>\n\n\n\n<div class=\"wp-block-file\"><a href=\"https:\/\/kulturamoldava.sk\/wp-content\/uploads\/2020\/07\/zmluva_o_dielo_30.5.2016.pdf\">zmluva_o_dielo_30.5.2016<\/a><a href=\"https:\/\/kulturamoldava.sk\/wp-content\/uploads\/2020\/07\/zmluva_o_dielo_30.5.2016.pdf\" class=\"wp-block-file__button\" download>Stiahnu\u0165<\/a><\/div>\n\n\n\n<div class=\"wp-block-file\"><a href=\"https:\/\/kulturamoldava.sk\/wp-content\/uploads\/2020\/07\/zmluva_o_hudobnej_produkcii_3_6_2016.pdf\">zmluva_o_hudobnej_produkcii_3_6_2016<\/a><a href=\"https:\/\/kulturamoldava.sk\/wp-content\/uploads\/2020\/07\/zmluva_o_hudobnej_produkcii_3_6_2016.pdf\" class=\"wp-block-file__button\" download>Stiahnu\u0165<\/a><\/div>\n\n\n\n<div class=\"wp-block-file\"><a href=\"https:\/\/kulturamoldava.sk\/wp-content\/uploads\/2020\/07\/zmluva_o_hudobnej_produkcii_10_10_2016.pdf\">zmluva_o_hudobnej_produkcii_10_10_2016<\/a><a href=\"https:\/\/kulturamoldava.sk\/wp-content\/uploads\/2020\/07\/zmluva_o_hudobnej_produkcii_10_10_2016.pdf\" class=\"wp-block-file__button\" download>Stiahnu\u0165<\/a><\/div>\n\n\n\n<div class=\"wp-block-file\"><a href=\"https:\/\/kulturamoldava.sk\/wp-content\/uploads\/2020\/07\/zmluva_o_hudobnej_produkcii_12_9_2016.pdf\">zmluva_o_hudobnej_produkcii_12_9_2016<\/a><a href=\"https:\/\/kulturamoldava.sk\/wp-content\/uploads\/2020\/07\/zmluva_o_hudobnej_produkcii_12_9_2016.pdf\" class=\"wp-block-file__button\" download>Stiahnu\u0165<\/a><\/div>\n\n\n\n<div class=\"wp-block-file\"><a href=\"https:\/\/kulturamoldava.sk\/wp-content\/uploads\/2020\/07\/zmluva_o_hudobnej_produkcii_16_9_2016.pdf\">zmluva_o_hudobnej_produkcii_16_9_2016<\/a><a href=\"https:\/\/kulturamoldava.sk\/wp-content\/uploads\/2020\/07\/zmluva_o_hudobnej_produkcii_16_9_2016.pdf\" class=\"wp-block-file__button\" download>Stiahnu\u0165<\/a><\/div>\n\n\n\n<div class=\"wp-block-file\"><a href=\"https:\/\/kulturamoldava.sk\/wp-content\/uploads\/2020\/07\/zmluva_o_hudobnej_produkcii_20_6_2016.pdf\">zmluva_o_hudobnej_produkcii_20_6_2016<\/a><a href=\"https:\/\/kulturamoldava.sk\/wp-content\/uploads\/2020\/07\/zmluva_o_hudobnej_produkcii_20_6_2016.pdf\" class=\"wp-block-file__button\" download>Stiahnu\u0165<\/a><\/div>\n\n\n\n<div class=\"wp-block-file\"><a href=\"https:\/\/kulturamoldava.sk\/wp-content\/uploads\/2020\/07\/zmluva_o_hudobnej_produkcii_23_6_2016.pdf\">zmluva_o_hudobnej_produkcii_23_6_2016<\/a><a href=\"https:\/\/kulturamoldava.sk\/wp-content\/uploads\/2020\/07\/zmluva_o_hudobnej_produkcii_23_6_2016.pdf\" class=\"wp-block-file__button\" download>Stiahnu\u0165<\/a><\/div>\n\n\n\n<div class=\"wp-block-file\"><a href=\"https:\/\/kulturamoldava.sk\/wp-content\/uploads\/2020\/07\/zmluva_o_hudobnej_produkcii_24_6_2016_02.pdf\">zmluva_o_hudobnej_produkcii_24_6_2016_02<\/a><a href=\"https:\/\/kulturamoldava.sk\/wp-content\/uploads\/2020\/07\/zmluva_o_hudobnej_produkcii_24_6_2016_02.pdf\" class=\"wp-block-file__button\" download>Stiahnu\u0165<\/a><\/div>\n\n\n\n<div class=\"wp-block-file\"><a href=\"https:\/\/kulturamoldava.sk\/wp-content\/uploads\/2020\/07\/zmluva_o_hudobnej_produkcii_24_06_2016_03.pdf\">zmluva_o_hudobnej_produkcii_24_06_2016_03<\/a><a href=\"https:\/\/kulturamoldava.sk\/wp-content\/uploads\/2020\/07\/zmluva_o_hudobnej_produkcii_24_06_2016_03.pdf\" class=\"wp-block-file__button\" download>Stiahnu\u0165<\/a><\/div>\n\n\n\n<div class=\"wp-block-file\"><a href=\"https:\/\/kulturamoldava.sk\/wp-content\/uploads\/2020\/07\/zmluva_o_hudobnej_produkcii_24_6_2016_04.pdf\">zmluva_o_hudobnej_produkcii_24_6_2016_04<\/a><a href=\"https:\/\/kulturamoldava.sk\/wp-content\/uploads\/2020\/07\/zmluva_o_hudobnej_produkcii_24_6_2016_04.pdf\" class=\"wp-block-file__button\" download>Stiahnu\u0165<\/a><\/div>\n\n\n\n<div class=\"wp-block-file\"><a href=\"https:\/\/kulturamoldava.sk\/wp-content\/uploads\/2020\/07\/zmluva_o_hudobnej_produkcii_24_6_2016_05.pdf\">zmluva_o_hudobnej_produkcii_24_6_2016_05<\/a><a href=\"https:\/\/kulturamoldava.sk\/wp-content\/uploads\/2020\/07\/zmluva_o_hudobnej_produkcii_24_6_2016_05.pdf\" class=\"wp-block-file__button\" download>Stiahnu\u0165<\/a><\/div>\n\n\n\n<div class=\"wp-block-file\"><a href=\"https:\/\/kulturamoldava.sk\/wp-content\/uploads\/2020\/07\/zmluva_o_hudobnej_produkcii_24_6_2016_06.pdf\">zmluva_o_hudobnej_produkcii_24_6_2016_06<\/a><a href=\"https:\/\/kulturamoldava.sk\/wp-content\/uploads\/2020\/07\/zmluva_o_hudobnej_produkcii_24_6_2016_06.pdf\" class=\"wp-block-file__button\" download>Stiahnu\u0165<\/a><\/div>\n\n\n\n<div class=\"wp-block-file\"><a href=\"https:\/\/kulturamoldava.sk\/wp-content\/uploads\/2020\/07\/zmluva_o_hudobnej_produkcii_24_6_2016.pdf\">zmluva_o_hudobnej_produkcii_24_6_2016<\/a><a href=\"https:\/\/kulturamoldava.sk\/wp-content\/uploads\/2020\/07\/zmluva_o_hudobnej_produkcii_24_6_2016.pdf\" class=\"wp-block-file__button\" download>Stiahnu\u0165<\/a><\/div>\n\n\n\n<div class=\"wp-block-file\"><a href=\"https:\/\/kulturamoldava.sk\/wp-content\/uploads\/2020\/07\/zmluva_o_hudobnej_produkcii_25_11_2016.pdf\">zmluva_o_hudobnej_produkcii_25_11_2016<\/a><a href=\"https:\/\/kulturamoldava.sk\/wp-content\/uploads\/2020\/07\/zmluva_o_hudobnej_produkcii_25_11_2016.pdf\" class=\"wp-block-file__button\" download>Stiahnu\u0165<\/a><\/div>\n\n\n\n<div class=\"wp-block-file\"><a href=\"https:\/\/kulturamoldava.sk\/wp-content\/uploads\/2020\/07\/xenia_horvathova_6.5.2016-1.pdf\">xenia_horvathova_6.5.2016-1<\/a><a href=\"https:\/\/kulturamoldava.sk\/wp-content\/uploads\/2020\/07\/xenia_horvathova_6.5.2016-1.pdf\" class=\"wp-block-file__button\" download>Stiahnu\u0165<\/a><\/div>\n\n\n\n<div class=\"wp-block-file\"><a href=\"https:\/\/kulturamoldava.sk\/wp-content\/uploads\/2020\/07\/zmluva_zuzana_smatanova_podpisana.pdf\">zmluva_zuzana_smatanova_podpisana<\/a><a href=\"https:\/\/kulturamoldava.sk\/wp-content\/uploads\/2020\/07\/zmluva_zuzana_smatanova_podpisana.pdf\" class=\"wp-block-file__button\" download>Stiahnu\u0165<\/a><\/div>\n\n\n\n<div class=\"wp-block-file\"><a href=\"https:\/\/kulturamoldava.sk\/wp-content\/uploads\/2020\/07\/zmluva-_szerzodes_janicsak_veca.pdf\">zmluva-_szerzodes_janicsak_veca<\/a><a href=\"https:\/\/kulturamoldava.sk\/wp-content\/uploads\/2020\/07\/zmluva-_szerzodes_janicsak_veca.pdf\" class=\"wp-block-file__button\" download>Stiahnu\u0165<\/a><\/div>","protected":false},"excerpt":{"rendered":"<p>ROK 2016<\/p>","protected":false},"author":1,"featured_media":0,"parent":0,"menu_order":0,"comment_status":"closed","ping_status":"closed","template":"","meta":{"ngg_post_thumbnail":0,"footnotes":""},"class_list":["post-23776","page","type-page","status-publish","hentry"],"yoast_head":"<!-- This site is optimized with the Yoast SEO plugin v27.5 - https:\/\/yoast.com\/product\/yoast-seo-wordpress\/ -->\n<title>Register zml\u00fav a doh\u00f4d - Mestsk\u00e9 kult\u00farne stredisko Moldava nad Bodvou<\/title>\n<meta name=\"robots\" content=\"index, follow, max-snippet:-1, max-image-preview:large, max-video-preview:-1\" \/>\n<link rel=\"canonical\" href=\"https:\/\/kulturamoldava.sk\/hu\/register-zmluv-a-dohod-2016\/\" \/>\n<meta property=\"og:locale\" content=\"hu_HU\" \/>\n<meta property=\"og:type\" content=\"article\" \/>\n<meta property=\"og:title\" content=\"Register zml\u00fav a doh\u00f4d - Mestsk\u00e9 kult\u00farne stredisko Moldava nad Bodvou\" \/>\n<meta property=\"og:description\" content=\"ROK 2016\" \/>\n<meta property=\"og:url\" content=\"https:\/\/kulturamoldava.sk\/hu\/register-zmluv-a-dohod-2016\/\" \/>\n<meta property=\"og:site_name\" content=\"Mestsk\u00e9 kult\u00farne stredisko Moldava nad Bodvou\" \/>\n<meta property=\"article:modified_time\" content=\"2020-07-09T12:20:10+00:00\" \/>\n<meta name=\"twitter:card\" content=\"summary_large_image\" \/>\n<meta name=\"twitter:label1\" content=\"Becs\u00fclt olvas\u00e1si id\u0151\" \/>\n\t<meta name=\"twitter:data1\" content=\"1 perc\" \/>\n<script type=\"application\/ld+json\" class=\"yoast-schema-graph\">{\"@context\":\"https:\\\/\\\/schema.org\",\"@graph\":[{\"@type\":\"WebPage\",\"@id\":\"https:\\\/\\\/kulturamoldava.sk\\\/register-zmluv-a-dohod-2016\\\/\",\"url\":\"https:\\\/\\\/kulturamoldava.sk\\\/register-zmluv-a-dohod-2016\\\/\",\"name\":\"Register zml\u00fav a doh\u00f4d - Mestsk\u00e9 kult\u00farne stredisko Moldava nad Bodvou\",\"isPartOf\":{\"@id\":\"https:\\\/\\\/kulturamoldava.sk\\\/#website\"},\"datePublished\":\"2020-07-09T12:19:40+00:00\",\"dateModified\":\"2020-07-09T12:20:10+00:00\",\"breadcrumb\":{\"@id\":\"https:\\\/\\\/kulturamoldava.sk\\\/register-zmluv-a-dohod-2016\\\/#breadcrumb\"},\"inLanguage\":\"hu\",\"potentialAction\":[{\"@type\":\"ReadAction\",\"target\":[\"https:\\\/\\\/kulturamoldava.sk\\\/register-zmluv-a-dohod-2016\\\/\"]}]},{\"@type\":\"BreadcrumbList\",\"@id\":\"https:\\\/\\\/kulturamoldava.sk\\\/register-zmluv-a-dohod-2016\\\/#breadcrumb\",\"itemListElement\":[{\"@type\":\"ListItem\",\"position\":1,\"name\":\"Home\",\"item\":\"https:\\\/\\\/kulturamoldava.sk\\\/\"},{\"@type\":\"ListItem\",\"position\":2,\"name\":\"Register zml\u00fav a doh\u00f4d\"}]},{\"@type\":\"WebSite\",\"@id\":\"https:\\\/\\\/kulturamoldava.sk\\\/#website\",\"url\":\"https:\\\/\\\/kulturamoldava.sk\\\/\",\"name\":\"Mestsk\u00e9 kult\u00farne stredisko Moldava nad Bodvou\",\"description\":\"\",\"potentialAction\":[{\"@type\":\"SearchAction\",\"target\":{\"@type\":\"EntryPoint\",\"urlTemplate\":\"https:\\\/\\\/kulturamoldava.sk\\\/?s={search_term_string}\"},\"query-input\":{\"@type\":\"PropertyValueSpecification\",\"valueRequired\":true,\"valueName\":\"search_term_string\"}}],\"inLanguage\":\"hu\"}]}<\/script>\n<!-- \/ Yoast SEO plugin. -->","yoast_head_json":{"title":"Register zml\u00fav a doh\u00f4d - Mestsk\u00e9 kult\u00farne stredisko Moldava nad Bodvou","robots":{"index":"index","follow":"follow","max-snippet":"max-snippet:-1","max-image-preview":"max-image-preview:large","max-video-preview":"max-video-preview:-1"},"canonical":"https:\/\/kulturamoldava.sk\/hu\/register-zmluv-a-dohod-2016\/","og_locale":"hu_HU","og_type":"article","og_title":"Register zml\u00fav a doh\u00f4d - Mestsk\u00e9 kult\u00farne stredisko Moldava nad Bodvou","og_description":"ROK 2016","og_url":"https:\/\/kulturamoldava.sk\/hu\/register-zmluv-a-dohod-2016\/","og_site_name":"Mestsk\u00e9 kult\u00farne stredisko Moldava nad Bodvou","article_modified_time":"2020-07-09T12:20:10+00:00","twitter_card":"summary_large_image","twitter_misc":{"Becs\u00fclt olvas\u00e1si id\u0151":"1 perc"},"schema":{"@context":"https:\/\/schema.org","@graph":[{"@type":"WebPage","@id":"https:\/\/kulturamoldava.sk\/register-zmluv-a-dohod-2016\/","url":"https:\/\/kulturamoldava.sk\/register-zmluv-a-dohod-2016\/","name":"Register zml\u00fav a doh\u00f4d - Mestsk\u00e9 kult\u00farne stredisko Moldava nad Bodvou","isPartOf":{"@id":"https:\/\/kulturamoldava.sk\/#website"},"datePublished":"2020-07-09T12:19:40+00:00","dateModified":"2020-07-09T12:20:10+00:00","breadcrumb":{"@id":"https:\/\/kulturamoldava.sk\/register-zmluv-a-dohod-2016\/#breadcrumb"},"inLanguage":"hu","potentialAction":[{"@type":"ReadAction","target":["https:\/\/kulturamoldava.sk\/register-zmluv-a-dohod-2016\/"]}]},{"@type":"BreadcrumbList","@id":"https:\/\/kulturamoldava.sk\/register-zmluv-a-dohod-2016\/#breadcrumb","itemListElement":[{"@type":"ListItem","position":1,"name":"Home","item":"https:\/\/kulturamoldava.sk\/"},{"@type":"ListItem","position":2,"name":"Register zml\u00fav a doh\u00f4d"}]},{"@type":"WebSite","@id":"https:\/\/kulturamoldava.sk\/#website","url":"https:\/\/kulturamoldava.sk\/","name":"Szepsi V\u00e1rosi M\u0171vel\u0151d\u00e9si K\u00f6zpont","description":"","potentialAction":[{"@type":"SearchAction","target":{"@type":"EntryPoint","urlTemplate":"https:\/\/kulturamoldava.sk\/?s={search_term_string}"},"query-input":{"@type":"PropertyValueSpecification","valueRequired":true,"valueName":"search_term_string"}}],"inLanguage":"hu"}]}},"_links":{"self":[{"href":"https:\/\/kulturamoldava.sk\/hu\/wp-json\/wp\/v2\/pages\/23776","targetHints":{"allow":["GET"]}}],"collection":[{"href":"https:\/\/kulturamoldava.sk\/hu\/wp-json\/wp\/v2\/pages"}],"about":[{"href":"https:\/\/kulturamoldava.sk\/hu\/wp-json\/wp\/v2\/types\/page"}],"author":[{"embeddable":true,"href":"https:\/\/kulturamoldava.sk\/hu\/wp-json\/wp\/v2\/users\/1"}],"replies":[{"embeddable":true,"href":"https:\/\/kulturamoldava.sk\/hu\/wp-json\/wp\/v2\/comments?post=23776"}],"version-history":[{"count":1,"href":"https:\/\/kulturamoldava.sk\/hu\/wp-json\/wp\/v2\/pages\/23776\/revisions"}],"predecessor-version":[{"id":23830,"href":"https:\/\/kulturamoldava.sk\/hu\/wp-json\/wp\/v2\/pages\/23776\/revisions\/23830"}],"wp:attachment":[{"href":"https:\/\/kulturamoldava.sk\/hu\/wp-json\/wp\/v2\/media?parent=23776"}],"curies":[{"name":"wp","href":"https:\/\/api.w.org\/{rel}","templated":true}]}}