{"id":23485,"date":"2020-04-16T07:47:56","date_gmt":"2020-04-16T05:47:56","guid":{"rendered":"https:\/\/kulturamoldava.sk\/?page_id=23485"},"modified":"2024-01-16T19:06:25","modified_gmt":"2024-01-16T18:06:25","slug":"galeria-2020","status":"publish","type":"page","link":"https:\/\/kulturamoldava.sk\/hu\/galeria-2020\/","title":{"rendered":"Gal\u00e9ria 2020"},"content":{"rendered":"<p>&nbsp;<\/p>\r\n\r\n<p>&nbsp;<\/p>\r\n<p style=\"text-align: center; font-size: 27px;\"><a style=\"font-size: 30px;\" href=\"https:\/\/kulturamoldava.sk\/hu\/spravodajstvo\/\">2023.<\/a><a style=\"font-size: 30px;\" href=\"https:\/\/kulturamoldava.sk\/hu\/galeria-2021\/\"> |<\/a><a style=\"font-size: 30px;\" href=\"https:\/\/kulturamoldava.sk\/hu\/galeria-2022\/\"> 2022.<\/a><a style=\"font-size: 30px;\" href=\"https:\/\/kulturamoldava.sk\/hu\/galeria-2021\/\"> |&nbsp;<\/a><a style=\"font-size: 30px;\" href=\"https:\/\/kulturamoldava.sk\/hu\/galeria-2021\/\">2021.<\/a><a style=\"font-size: 30px;\" href=\"https:\/\/kulturamoldava.sk\/hu\/galeria-2021\/\"> |&nbsp;<\/a><a style=\"font-size: 30px;\" href=\"https:\/\/kulturamoldava.sk\/hu\/galeria-2020\/\"> 2020.<\/a><a style=\"font-size: 30px;\" href=\"https:\/\/kulturamoldava.sk\/hu\/galeria-2021\/\"> | <\/a><a style=\"font-size: 30px;\" href=\"https:\/\/kulturamoldava.sk\/hu\/galeria-2019\/\">2019<\/a><a style=\"font-size: 30px;\" href=\"https:\/\/kulturamoldava.sk\/hu\/galeria-2021\/\"> | <\/a><a style=\"font-size: 30px;\" href=\"https:\/\/kulturamoldava.sk\/hu\/galeria-2018\/\">2018.<\/a><a style=\"font-size: 30px;\" href=\"https:\/\/kulturamoldava.sk\/hu\/galeria-2021\/\"> | <\/a><a style=\"font-size: 30px;\" href=\"https:\/\/kulturamoldava.sk\/hu\/galeria-2017\/\">2017.<\/a><a style=\"font-size: 30px;\" href=\"https:\/\/kulturamoldava.sk\/hu\/galeria-2021\/\"> | <\/a><a style=\"font-size: 30px;\" href=\"https:\/\/kulturamoldava.sk\/hu\/galeria-2016\/\">2016.<\/a><a style=\"font-size: 30px;\" href=\"https:\/\/kulturamoldava.sk\/hu\/galeria-2021\/\"> | <\/a><a style=\"font-size: 30px;\" href=\"https:\/\/kulturamoldava.sk\/hu\/geleria-2015\/\">2015.<\/a><br><\/p>\r\n<p>&nbsp;<\/p>\r\nngg_shortcode_0_placeholder\r\n<p><!-- \/wp:post-content --><\/p>\r\n<p><!-- wp:imagely\/nextgen-gallery --><\/p>\r\n<p><!-- \/wp:imagely\/nextgen-gallery --><\/p>\r\n<p>&nbsp;<\/p>","protected":false},"excerpt":{"rendered":"<p>&nbsp; &nbsp; 2023. | 2022. |&nbsp;2021. |&nbsp; 2020. | 2019 | 2018. | 2017. | 2016. | 2015. &nbsp; &nbsp;<\/p>","protected":false},"author":1,"featured_media":0,"parent":0,"menu_order":0,"comment_status":"closed","ping_status":"closed","template":"","meta":{"ngg_post_thumbnail":0,"footnotes":""},"class_list":["post-23485","page","type-page","status-publish","hentry"],"yoast_head":"<!-- This site is optimized with the Yoast SEO plugin v27.5 - https:\/\/yoast.com\/product\/yoast-seo-wordpress\/ -->\n<title>Gal\u00e9ria 2020 - Mestsk\u00e9 kult\u00farne stredisko Moldava nad Bodvou<\/title>\n<meta name=\"robots\" content=\"index, follow, max-snippet:-1, max-image-preview:large, max-video-preview:-1\" \/>\n<link rel=\"canonical\" href=\"https:\/\/kulturamoldava.sk\/hu\/galeria-2020\/\" \/>\n<meta property=\"og:locale\" content=\"hu_HU\" \/>\n<meta property=\"og:type\" content=\"article\" \/>\n<meta property=\"og:title\" content=\"Gal\u00e9ria 2020 - Mestsk\u00e9 kult\u00farne stredisko Moldava nad Bodvou\" \/>\n<meta property=\"og:description\" content=\"&nbsp; &nbsp; 2023. | 2022. |&nbsp;2021. |&nbsp; 2020. | 2019 | 2018. | 2017. | 2016. | 2015. &nbsp; &nbsp;\" \/>\n<meta property=\"og:url\" content=\"https:\/\/kulturamoldava.sk\/hu\/galeria-2020\/\" \/>\n<meta property=\"og:site_name\" content=\"Mestsk\u00e9 kult\u00farne stredisko Moldava nad Bodvou\" \/>\n<meta property=\"article:modified_time\" content=\"2024-01-16T18:06:25+00:00\" \/>\n<meta name=\"twitter:card\" content=\"summary_large_image\" \/>\n<meta name=\"twitter:label1\" content=\"Becs\u00fclt olvas\u00e1si id\u0151\" \/>\n\t<meta name=\"twitter:data1\" content=\"1 perc\" \/>\n<script type=\"application\/ld+json\" class=\"yoast-schema-graph\">{\"@context\":\"https:\\\/\\\/schema.org\",\"@graph\":[{\"@type\":\"WebPage\",\"@id\":\"https:\\\/\\\/kulturamoldava.sk\\\/galeria-2020\\\/\",\"url\":\"https:\\\/\\\/kulturamoldava.sk\\\/galeria-2020\\\/\",\"name\":\"Gal\u00e9ria 2020 - Mestsk\u00e9 kult\u00farne stredisko Moldava nad Bodvou\",\"isPartOf\":{\"@id\":\"https:\\\/\\\/kulturamoldava.sk\\\/#website\"},\"datePublished\":\"2020-04-16T05:47:56+00:00\",\"dateModified\":\"2024-01-16T18:06:25+00:00\",\"breadcrumb\":{\"@id\":\"https:\\\/\\\/kulturamoldava.sk\\\/galeria-2020\\\/#breadcrumb\"},\"inLanguage\":\"hu\",\"potentialAction\":[{\"@type\":\"ReadAction\",\"target\":[\"https:\\\/\\\/kulturamoldava.sk\\\/galeria-2020\\\/\"]}]},{\"@type\":\"BreadcrumbList\",\"@id\":\"https:\\\/\\\/kulturamoldava.sk\\\/galeria-2020\\\/#breadcrumb\",\"itemListElement\":[{\"@type\":\"ListItem\",\"position\":1,\"name\":\"Home\",\"item\":\"https:\\\/\\\/kulturamoldava.sk\\\/\"},{\"@type\":\"ListItem\",\"position\":2,\"name\":\"Gal\u00e9ria 2020\"}]},{\"@type\":\"WebSite\",\"@id\":\"https:\\\/\\\/kulturamoldava.sk\\\/#website\",\"url\":\"https:\\\/\\\/kulturamoldava.sk\\\/\",\"name\":\"Mestsk\u00e9 kult\u00farne stredisko Moldava nad Bodvou\",\"description\":\"\",\"potentialAction\":[{\"@type\":\"SearchAction\",\"target\":{\"@type\":\"EntryPoint\",\"urlTemplate\":\"https:\\\/\\\/kulturamoldava.sk\\\/?s={search_term_string}\"},\"query-input\":{\"@type\":\"PropertyValueSpecification\",\"valueRequired\":true,\"valueName\":\"search_term_string\"}}],\"inLanguage\":\"hu\"}]}<\/script>\n<!-- \/ Yoast SEO plugin. -->","yoast_head_json":{"title":"Gal\u00e9ria 2020 - Mestsk\u00e9 kult\u00farne stredisko Moldava nad Bodvou","robots":{"index":"index","follow":"follow","max-snippet":"max-snippet:-1","max-image-preview":"max-image-preview:large","max-video-preview":"max-video-preview:-1"},"canonical":"https:\/\/kulturamoldava.sk\/hu\/galeria-2020\/","og_locale":"hu_HU","og_type":"article","og_title":"Gal\u00e9ria 2020 - Mestsk\u00e9 kult\u00farne stredisko Moldava nad Bodvou","og_description":"&nbsp; &nbsp; 2023. | 2022. |&nbsp;2021. |&nbsp; 2020. | 2019 | 2018. | 2017. | 2016. | 2015. &nbsp; &nbsp;","og_url":"https:\/\/kulturamoldava.sk\/hu\/galeria-2020\/","og_site_name":"Mestsk\u00e9 kult\u00farne stredisko Moldava nad Bodvou","article_modified_time":"2024-01-16T18:06:25+00:00","twitter_card":"summary_large_image","twitter_misc":{"Becs\u00fclt olvas\u00e1si id\u0151":"1 perc"},"schema":{"@context":"https:\/\/schema.org","@graph":[{"@type":"WebPage","@id":"https:\/\/kulturamoldava.sk\/galeria-2020\/","url":"https:\/\/kulturamoldava.sk\/galeria-2020\/","name":"Gal\u00e9ria 2020 - Mestsk\u00e9 kult\u00farne stredisko Moldava nad Bodvou","isPartOf":{"@id":"https:\/\/kulturamoldava.sk\/#website"},"datePublished":"2020-04-16T05:47:56+00:00","dateModified":"2024-01-16T18:06:25+00:00","breadcrumb":{"@id":"https:\/\/kulturamoldava.sk\/galeria-2020\/#breadcrumb"},"inLanguage":"hu","potentialAction":[{"@type":"ReadAction","target":["https:\/\/kulturamoldava.sk\/galeria-2020\/"]}]},{"@type":"BreadcrumbList","@id":"https:\/\/kulturamoldava.sk\/galeria-2020\/#breadcrumb","itemListElement":[{"@type":"ListItem","position":1,"name":"Home","item":"https:\/\/kulturamoldava.sk\/"},{"@type":"ListItem","position":2,"name":"Gal\u00e9ria 2020"}]},{"@type":"WebSite","@id":"https:\/\/kulturamoldava.sk\/#website","url":"https:\/\/kulturamoldava.sk\/","name":"Szepsi V\u00e1rosi M\u0171vel\u0151d\u00e9si K\u00f6zpont","description":"","potentialAction":[{"@type":"SearchAction","target":{"@type":"EntryPoint","urlTemplate":"https:\/\/kulturamoldava.sk\/?s={search_term_string}"},"query-input":{"@type":"PropertyValueSpecification","valueRequired":true,"valueName":"search_term_string"}}],"inLanguage":"hu"}]}},"_links":{"self":[{"href":"https:\/\/kulturamoldava.sk\/hu\/wp-json\/wp\/v2\/pages\/23485","targetHints":{"allow":["GET"]}}],"collection":[{"href":"https:\/\/kulturamoldava.sk\/hu\/wp-json\/wp\/v2\/pages"}],"about":[{"href":"https:\/\/kulturamoldava.sk\/hu\/wp-json\/wp\/v2\/types\/page"}],"author":[{"embeddable":true,"href":"https:\/\/kulturamoldava.sk\/hu\/wp-json\/wp\/v2\/users\/1"}],"replies":[{"embeddable":true,"href":"https:\/\/kulturamoldava.sk\/hu\/wp-json\/wp\/v2\/comments?post=23485"}],"version-history":[{"count":51,"href":"https:\/\/kulturamoldava.sk\/hu\/wp-json\/wp\/v2\/pages\/23485\/revisions"}],"predecessor-version":[{"id":30324,"href":"https:\/\/kulturamoldava.sk\/hu\/wp-json\/wp\/v2\/pages\/23485\/revisions\/30324"}],"wp:attachment":[{"href":"https:\/\/kulturamoldava.sk\/hu\/wp-json\/wp\/v2\/media?parent=23485"}],"curies":[{"name":"wp","href":"https:\/\/api.w.org\/{rel}","templated":true}]}}