{"id":23114,"date":"2020-03-14T12:44:00","date_gmt":"2020-03-14T11:44:00","guid":{"rendered":"https:\/\/kulturamoldava.sk\/?page_id=23114"},"modified":"2020-03-14T13:08:17","modified_gmt":"2020-03-14T12:08:17","slug":"temporary-title-23114","status":"publish","type":"page","link":"https:\/\/kulturamoldava.sk\/hu\/temporary-title-23114\/","title":{"rendered":"Temporary title #23114"},"content":{"rendered":"<div id=\"cmsmasters_row_jhkcw03t6\" class=\"cmsmasters_row cmsmasters_color_scheme_default cmsmasters_row_top_default cmsmasters_row_bot_default cmsmasters_row_boxed\">\n<div class=\"cmsmasters_row_outer_parent\">\n<div class=\"cmsmasters_row_outer\">\n<div class=\"cmsmasters_row_inner\">\n<div class=\"cmsmasters_row_margin\">\n<div id=\"cmsmasters_column_o1esdeqqgi\" class=\"cmsmasters_column one_first\">\n<div class=\"cmsmasters_column_inner\"><\/div><\/div>\n<\/div>\n<\/div>\n<\/div>\n<\/div>\n<\/div>\n<div id=\"cmsmasters_row_bena9le9gc\" class=\"cmsmasters_row cmsmasters_color_scheme_default cmsmasters_row_top_default cmsmasters_row_bot_default cmsmasters_row_boxed\">\n<div class=\"cmsmasters_row_outer_parent\">\n<div class=\"cmsmasters_row_outer\">\n<div class=\"cmsmasters_row_inner\">\n<div class=\"cmsmasters_row_margin\">\n<div id=\"cmsmasters_column_as7q1xe1el\" class=\"cmsmasters_column one_first\">\n<div class=\"cmsmasters_column_inner\"><div class=\"custom_html\">\n<iframe loading=\"lazy\" width=\"100%\" height=\"497px\" src=\"https:\/\/www.youtube.com\/embed\/opdwg-nhBxM\" frameborder=\"0\" allow=\"accelerometer;  encrypted-media; gyroscope; picture-in-picture\" allowfullscreen><\/iframe>\n<\/div>\n<\/div><\/div>\n<\/div>\n<\/div>\n<\/div>\n<\/div>\n<\/div>","protected":false},"excerpt":{"rendered":"","protected":false},"author":1,"featured_media":0,"parent":0,"menu_order":0,"comment_status":"closed","ping_status":"closed","template":"","meta":{"ngg_post_thumbnail":0,"footnotes":""},"class_list":["post-23114","page","type-page","status-publish","hentry"],"yoast_head":"<!-- This site is optimized with the Yoast SEO plugin v27.5 - https:\/\/yoast.com\/product\/yoast-seo-wordpress\/ -->\n<title>Temporary title #23114 - Mestsk\u00e9 kult\u00farne stredisko Moldava nad Bodvou<\/title>\n<meta name=\"robots\" content=\"index, follow, max-snippet:-1, max-image-preview:large, max-video-preview:-1\" \/>\n<link rel=\"canonical\" href=\"https:\/\/kulturamoldava.sk\/hu\/temporary-title-23114\/\" \/>\n<meta property=\"og:locale\" content=\"hu_HU\" \/>\n<meta property=\"og:type\" content=\"article\" \/>\n<meta property=\"og:title\" content=\"Temporary title #23114 - Mestsk\u00e9 kult\u00farne stredisko Moldava nad Bodvou\" \/>\n<meta property=\"og:url\" content=\"https:\/\/kulturamoldava.sk\/hu\/temporary-title-23114\/\" \/>\n<meta property=\"og:site_name\" content=\"Mestsk\u00e9 kult\u00farne stredisko Moldava nad Bodvou\" \/>\n<meta property=\"article:modified_time\" content=\"2020-03-14T12:08:17+00:00\" \/>\n<meta name=\"twitter:card\" content=\"summary_large_image\" \/>\n<meta name=\"twitter:label1\" content=\"Becs\u00fclt olvas\u00e1si id\u0151\" \/>\n\t<meta name=\"twitter:data1\" content=\"2 perc\" \/>\n<script type=\"application\/ld+json\" class=\"yoast-schema-graph\">{\"@context\":\"https:\\\/\\\/schema.org\",\"@graph\":[{\"@type\":\"WebPage\",\"@id\":\"https:\\\/\\\/kulturamoldava.sk\\\/temporary-title-23114\\\/\",\"url\":\"https:\\\/\\\/kulturamoldava.sk\\\/temporary-title-23114\\\/\",\"name\":\"Temporary title #23114 - Mestsk\u00e9 kult\u00farne stredisko Moldava nad Bodvou\",\"isPartOf\":{\"@id\":\"https:\\\/\\\/kulturamoldava.sk\\\/#website\"},\"datePublished\":\"2020-03-14T11:44:00+00:00\",\"dateModified\":\"2020-03-14T12:08:17+00:00\",\"breadcrumb\":{\"@id\":\"https:\\\/\\\/kulturamoldava.sk\\\/temporary-title-23114\\\/#breadcrumb\"},\"inLanguage\":\"hu\",\"potentialAction\":[{\"@type\":\"ReadAction\",\"target\":[\"https:\\\/\\\/kulturamoldava.sk\\\/temporary-title-23114\\\/\"]}]},{\"@type\":\"BreadcrumbList\",\"@id\":\"https:\\\/\\\/kulturamoldava.sk\\\/temporary-title-23114\\\/#breadcrumb\",\"itemListElement\":[{\"@type\":\"ListItem\",\"position\":1,\"name\":\"Home\",\"item\":\"https:\\\/\\\/kulturamoldava.sk\\\/\"},{\"@type\":\"ListItem\",\"position\":2,\"name\":\"Temporary title #23114\"}]},{\"@type\":\"WebSite\",\"@id\":\"https:\\\/\\\/kulturamoldava.sk\\\/#website\",\"url\":\"https:\\\/\\\/kulturamoldava.sk\\\/\",\"name\":\"Mestsk\u00e9 kult\u00farne stredisko Moldava nad Bodvou\",\"description\":\"\",\"potentialAction\":[{\"@type\":\"SearchAction\",\"target\":{\"@type\":\"EntryPoint\",\"urlTemplate\":\"https:\\\/\\\/kulturamoldava.sk\\\/?s={search_term_string}\"},\"query-input\":{\"@type\":\"PropertyValueSpecification\",\"valueRequired\":true,\"valueName\":\"search_term_string\"}}],\"inLanguage\":\"hu\"}]}<\/script>\n<!-- \/ Yoast SEO plugin. -->","yoast_head_json":{"title":"Temporary title #23114 - Mestsk\u00e9 kult\u00farne stredisko Moldava nad Bodvou","robots":{"index":"index","follow":"follow","max-snippet":"max-snippet:-1","max-image-preview":"max-image-preview:large","max-video-preview":"max-video-preview:-1"},"canonical":"https:\/\/kulturamoldava.sk\/hu\/temporary-title-23114\/","og_locale":"hu_HU","og_type":"article","og_title":"Temporary title #23114 - Mestsk\u00e9 kult\u00farne stredisko Moldava nad Bodvou","og_url":"https:\/\/kulturamoldava.sk\/hu\/temporary-title-23114\/","og_site_name":"Mestsk\u00e9 kult\u00farne stredisko Moldava nad Bodvou","article_modified_time":"2020-03-14T12:08:17+00:00","twitter_card":"summary_large_image","twitter_misc":{"Becs\u00fclt olvas\u00e1si id\u0151":"2 perc"},"schema":{"@context":"https:\/\/schema.org","@graph":[{"@type":"WebPage","@id":"https:\/\/kulturamoldava.sk\/temporary-title-23114\/","url":"https:\/\/kulturamoldava.sk\/temporary-title-23114\/","name":"Temporary title #23114 - Mestsk\u00e9 kult\u00farne stredisko Moldava nad Bodvou","isPartOf":{"@id":"https:\/\/kulturamoldava.sk\/#website"},"datePublished":"2020-03-14T11:44:00+00:00","dateModified":"2020-03-14T12:08:17+00:00","breadcrumb":{"@id":"https:\/\/kulturamoldava.sk\/temporary-title-23114\/#breadcrumb"},"inLanguage":"hu","potentialAction":[{"@type":"ReadAction","target":["https:\/\/kulturamoldava.sk\/temporary-title-23114\/"]}]},{"@type":"BreadcrumbList","@id":"https:\/\/kulturamoldava.sk\/temporary-title-23114\/#breadcrumb","itemListElement":[{"@type":"ListItem","position":1,"name":"Home","item":"https:\/\/kulturamoldava.sk\/"},{"@type":"ListItem","position":2,"name":"Temporary title #23114"}]},{"@type":"WebSite","@id":"https:\/\/kulturamoldava.sk\/#website","url":"https:\/\/kulturamoldava.sk\/","name":"Szepsi V\u00e1rosi M\u0171vel\u0151d\u00e9si K\u00f6zpont","description":"","potentialAction":[{"@type":"SearchAction","target":{"@type":"EntryPoint","urlTemplate":"https:\/\/kulturamoldava.sk\/?s={search_term_string}"},"query-input":{"@type":"PropertyValueSpecification","valueRequired":true,"valueName":"search_term_string"}}],"inLanguage":"hu"}]}},"_links":{"self":[{"href":"https:\/\/kulturamoldava.sk\/hu\/wp-json\/wp\/v2\/pages\/23114","targetHints":{"allow":["GET"]}}],"collection":[{"href":"https:\/\/kulturamoldava.sk\/hu\/wp-json\/wp\/v2\/pages"}],"about":[{"href":"https:\/\/kulturamoldava.sk\/hu\/wp-json\/wp\/v2\/types\/page"}],"author":[{"embeddable":true,"href":"https:\/\/kulturamoldava.sk\/hu\/wp-json\/wp\/v2\/users\/1"}],"replies":[{"embeddable":true,"href":"https:\/\/kulturamoldava.sk\/hu\/wp-json\/wp\/v2\/comments?post=23114"}],"version-history":[{"count":11,"href":"https:\/\/kulturamoldava.sk\/hu\/wp-json\/wp\/v2\/pages\/23114\/revisions"}],"predecessor-version":[{"id":23120,"href":"https:\/\/kulturamoldava.sk\/hu\/wp-json\/wp\/v2\/pages\/23114\/revisions\/23120"}],"wp:attachment":[{"href":"https:\/\/kulturamoldava.sk\/hu\/wp-json\/wp\/v2\/media?parent=23114"}],"curies":[{"name":"wp","href":"https:\/\/api.w.org\/{rel}","templated":true}]}}