{"id":22215,"date":"2019-11-12T15:50:09","date_gmt":"2019-11-12T14:50:09","guid":{"rendered":"https:\/\/kulturamoldava.sk\/?page_id=22215"},"modified":"2019-11-12T15:50:10","modified_gmt":"2019-11-12T14:50:10","slug":"suhrna-sprava-4q-2019-podla-%c2%a710-ods-10","status":"publish","type":"page","link":"https:\/\/kulturamoldava.sk\/hu\/suhrna-sprava-4q-2019-podla-%c2%a710-ods-10\/","title":{"rendered":"S\u00daHRN\u00c1 SPR\u00c1VA 4Q 2019 (POD\u013dA \u00a710 ODS. 10)"},"content":{"rendered":"<div class=\"wp-block-file\"><a href=\"https:\/\/kulturamoldava.sk\/wp-content\/uploads\/2019\/11\/S\u00fahrnn\u00e1-spr\u00e1va_\u00a710-ods.-10_4Q2019.pdf\">S\u00fahrnn\u00e1-spr\u00e1va_\u00a710-ods.-10_4Q2019<\/a><a href=\"https:\/\/kulturamoldava.sk\/wp-content\/uploads\/2019\/11\/S\u00fahrnn\u00e1-spr\u00e1va_\u00a710-ods.-10_4Q2019.pdf\" class=\"wp-block-file__button\" download>Stiahnu\u0165<\/a><\/div>","protected":false},"excerpt":{"rendered":"","protected":false},"author":1,"featured_media":0,"parent":0,"menu_order":0,"comment_status":"closed","ping_status":"closed","template":"","meta":{"ngg_post_thumbnail":0,"footnotes":""},"class_list":["post-22215","page","type-page","status-publish","hentry"],"yoast_head":"<!-- This site is optimized with the Yoast SEO plugin v27.5 - https:\/\/yoast.com\/product\/yoast-seo-wordpress\/ -->\n<title>S\u00daHRN\u00c1 SPR\u00c1VA 4Q 2019 (POD\u013dA \u00a710 ODS. 10) - Mestsk\u00e9 kult\u00farne stredisko Moldava nad Bodvou<\/title>\n<meta name=\"robots\" content=\"index, follow, max-snippet:-1, max-image-preview:large, max-video-preview:-1\" \/>\n<link rel=\"canonical\" href=\"https:\/\/kulturamoldava.sk\/hu\/suhrna-sprava-4q-2019-podla-\u00a710-ods-10\/\" \/>\n<meta property=\"og:locale\" content=\"hu_HU\" \/>\n<meta property=\"og:type\" content=\"article\" \/>\n<meta property=\"og:title\" content=\"S\u00daHRN\u00c1 SPR\u00c1VA 4Q 2019 (POD\u013dA \u00a710 ODS. 10) - Mestsk\u00e9 kult\u00farne stredisko Moldava nad Bodvou\" \/>\n<meta property=\"og:url\" content=\"https:\/\/kulturamoldava.sk\/hu\/suhrna-sprava-4q-2019-podla-\u00a710-ods-10\/\" \/>\n<meta property=\"og:site_name\" content=\"Mestsk\u00e9 kult\u00farne stredisko Moldava nad Bodvou\" \/>\n<meta property=\"article:modified_time\" content=\"2019-11-12T14:50:10+00:00\" \/>\n<meta name=\"twitter:card\" content=\"summary_large_image\" \/>\n<script type=\"application\/ld+json\" class=\"yoast-schema-graph\">{\"@context\":\"https:\\\/\\\/schema.org\",\"@graph\":[{\"@type\":\"WebPage\",\"@id\":\"https:\\\/\\\/kulturamoldava.sk\\\/suhrna-sprava-4q-2019-podla-%c2%a710-ods-10\\\/\",\"url\":\"https:\\\/\\\/kulturamoldava.sk\\\/suhrna-sprava-4q-2019-podla-%c2%a710-ods-10\\\/\",\"name\":\"S\u00daHRN\u00c1 SPR\u00c1VA 4Q 2019 (POD\u013dA \u00a710 ODS. 10) - Mestsk\u00e9 kult\u00farne stredisko Moldava nad Bodvou\",\"isPartOf\":{\"@id\":\"https:\\\/\\\/kulturamoldava.sk\\\/#website\"},\"datePublished\":\"2019-11-12T14:50:09+00:00\",\"dateModified\":\"2019-11-12T14:50:10+00:00\",\"breadcrumb\":{\"@id\":\"https:\\\/\\\/kulturamoldava.sk\\\/suhrna-sprava-4q-2019-podla-%c2%a710-ods-10\\\/#breadcrumb\"},\"inLanguage\":\"hu\",\"potentialAction\":[{\"@type\":\"ReadAction\",\"target\":[\"https:\\\/\\\/kulturamoldava.sk\\\/suhrna-sprava-4q-2019-podla-%c2%a710-ods-10\\\/\"]}]},{\"@type\":\"BreadcrumbList\",\"@id\":\"https:\\\/\\\/kulturamoldava.sk\\\/suhrna-sprava-4q-2019-podla-%c2%a710-ods-10\\\/#breadcrumb\",\"itemListElement\":[{\"@type\":\"ListItem\",\"position\":1,\"name\":\"Home\",\"item\":\"https:\\\/\\\/kulturamoldava.sk\\\/\"},{\"@type\":\"ListItem\",\"position\":2,\"name\":\"S\u00daHRN\u00c1 SPR\u00c1VA 4Q 2019 (POD\u013dA \u00a710 ODS. 10)\"}]},{\"@type\":\"WebSite\",\"@id\":\"https:\\\/\\\/kulturamoldava.sk\\\/#website\",\"url\":\"https:\\\/\\\/kulturamoldava.sk\\\/\",\"name\":\"Mestsk\u00e9 kult\u00farne stredisko Moldava nad Bodvou\",\"description\":\"\",\"potentialAction\":[{\"@type\":\"SearchAction\",\"target\":{\"@type\":\"EntryPoint\",\"urlTemplate\":\"https:\\\/\\\/kulturamoldava.sk\\\/?s={search_term_string}\"},\"query-input\":{\"@type\":\"PropertyValueSpecification\",\"valueRequired\":true,\"valueName\":\"search_term_string\"}}],\"inLanguage\":\"hu\"}]}<\/script>\n<!-- \/ Yoast SEO plugin. -->","yoast_head_json":{"title":"S\u00daHRN\u00c1 SPR\u00c1VA 4Q 2019 (POD\u013dA \u00a710 ODS. 10) - Mestsk\u00e9 kult\u00farne stredisko Moldava nad Bodvou","robots":{"index":"index","follow":"follow","max-snippet":"max-snippet:-1","max-image-preview":"max-image-preview:large","max-video-preview":"max-video-preview:-1"},"canonical":"https:\/\/kulturamoldava.sk\/hu\/suhrna-sprava-4q-2019-podla-\u00a710-ods-10\/","og_locale":"hu_HU","og_type":"article","og_title":"S\u00daHRN\u00c1 SPR\u00c1VA 4Q 2019 (POD\u013dA \u00a710 ODS. 10) - Mestsk\u00e9 kult\u00farne stredisko Moldava nad Bodvou","og_url":"https:\/\/kulturamoldava.sk\/hu\/suhrna-sprava-4q-2019-podla-\u00a710-ods-10\/","og_site_name":"Mestsk\u00e9 kult\u00farne stredisko Moldava nad Bodvou","article_modified_time":"2019-11-12T14:50:10+00:00","twitter_card":"summary_large_image","schema":{"@context":"https:\/\/schema.org","@graph":[{"@type":"WebPage","@id":"https:\/\/kulturamoldava.sk\/suhrna-sprava-4q-2019-podla-%c2%a710-ods-10\/","url":"https:\/\/kulturamoldava.sk\/suhrna-sprava-4q-2019-podla-%c2%a710-ods-10\/","name":"S\u00daHRN\u00c1 SPR\u00c1VA 4Q 2019 (POD\u013dA \u00a710 ODS. 10) - Mestsk\u00e9 kult\u00farne stredisko Moldava nad Bodvou","isPartOf":{"@id":"https:\/\/kulturamoldava.sk\/#website"},"datePublished":"2019-11-12T14:50:09+00:00","dateModified":"2019-11-12T14:50:10+00:00","breadcrumb":{"@id":"https:\/\/kulturamoldava.sk\/suhrna-sprava-4q-2019-podla-%c2%a710-ods-10\/#breadcrumb"},"inLanguage":"hu","potentialAction":[{"@type":"ReadAction","target":["https:\/\/kulturamoldava.sk\/suhrna-sprava-4q-2019-podla-%c2%a710-ods-10\/"]}]},{"@type":"BreadcrumbList","@id":"https:\/\/kulturamoldava.sk\/suhrna-sprava-4q-2019-podla-%c2%a710-ods-10\/#breadcrumb","itemListElement":[{"@type":"ListItem","position":1,"name":"Home","item":"https:\/\/kulturamoldava.sk\/"},{"@type":"ListItem","position":2,"name":"S\u00daHRN\u00c1 SPR\u00c1VA 4Q 2019 (POD\u013dA \u00a710 ODS. 10)"}]},{"@type":"WebSite","@id":"https:\/\/kulturamoldava.sk\/#website","url":"https:\/\/kulturamoldava.sk\/","name":"Szepsi V\u00e1rosi M\u0171vel\u0151d\u00e9si K\u00f6zpont","description":"","potentialAction":[{"@type":"SearchAction","target":{"@type":"EntryPoint","urlTemplate":"https:\/\/kulturamoldava.sk\/?s={search_term_string}"},"query-input":{"@type":"PropertyValueSpecification","valueRequired":true,"valueName":"search_term_string"}}],"inLanguage":"hu"}]}},"_links":{"self":[{"href":"https:\/\/kulturamoldava.sk\/hu\/wp-json\/wp\/v2\/pages\/22215","targetHints":{"allow":["GET"]}}],"collection":[{"href":"https:\/\/kulturamoldava.sk\/hu\/wp-json\/wp\/v2\/pages"}],"about":[{"href":"https:\/\/kulturamoldava.sk\/hu\/wp-json\/wp\/v2\/types\/page"}],"author":[{"embeddable":true,"href":"https:\/\/kulturamoldava.sk\/hu\/wp-json\/wp\/v2\/users\/1"}],"replies":[{"embeddable":true,"href":"https:\/\/kulturamoldava.sk\/hu\/wp-json\/wp\/v2\/comments?post=22215"}],"version-history":[{"count":1,"href":"https:\/\/kulturamoldava.sk\/hu\/wp-json\/wp\/v2\/pages\/22215\/revisions"}],"predecessor-version":[{"id":22217,"href":"https:\/\/kulturamoldava.sk\/hu\/wp-json\/wp\/v2\/pages\/22215\/revisions\/22217"}],"wp:attachment":[{"href":"https:\/\/kulturamoldava.sk\/hu\/wp-json\/wp\/v2\/media?parent=22215"}],"curies":[{"name":"wp","href":"https:\/\/api.w.org\/{rel}","templated":true}]}}