{"id":21098,"date":"2019-08-03T23:10:20","date_gmt":"2019-08-03T21:10:20","guid":{"rendered":"http:\/\/kulturamoldava.csemadokbodollo.sk\/?page_id=21098"},"modified":"2023-05-27T11:00:33","modified_gmt":"2023-05-27T09:00:33","slug":"kovacska-vyhna","status":"publish","type":"page","link":"https:\/\/kulturamoldava.sk\/hu\/kovacska-vyhna\/","title":{"rendered":"Kov\u00e1csm\u0171hely"},"content":{"rendered":"<div id=\"cmsmasters_row_\" class=\"cmsmasters_row cmsmasters_color_scheme_default cmsmasters_row_top_default cmsmasters_row_bot_default cmsmasters_row_boxed\">\n<div class=\"cmsmasters_row_outer_parent\">\n<div class=\"cmsmasters_row_outer\">\n<div class=\"cmsmasters_row_inner\">\n<div class=\"cmsmasters_row_margin\">\n<div id=\"cmsmasters_column_\" class=\"cmsmasters_column one_first\">\n<div class=\"cmsmasters_column_inner\"><div class=\"cmsmasters_text\">\n<p><strong>Etnografick\u00e9 m\u00fazeum s&nbsp;kov\u00e1\u010dskou vyh\u0148ou&nbsp;<\/strong>&#8211; Kov\u00e1\u010dska vyh\u0148a je n\u00e1rodnou kult\u00farnou pamiatkou s vysunutou expoz\u00edciou n\u00e1radia a n\u00e1\u010dinia z&nbsp; Technick\u00e9ho m\u00fazea v Ko\u0161iciach.<br \/>\nSt\u00e1la expoz\u00edcia z&nbsp;dej\u00edn mesta, remesiel a po\u013enohospod\u00e1rskeho n\u00e1radia.<\/p>\n<p><strong>S\u00eddlo: <\/strong>Hlavn\u00e1 58, 045 01 Moldava nad Bodvou<br \/>\n<strong>Kontakt:&nbsp; <\/strong>+421905 278 215<br \/>\n<strong>Zodpovedn\u00fd:<\/strong>Rem\u00e1k B\u00e9la-spr\u00e1vca m\u00fazea<br \/>\n<strong>Otv\u00e1racie hodiny: <\/strong>na po\u017eiadanie sprievodca s v\u00fdkladom na z\u00e1klade telefonick\u00e9ho dohovoru<\/p>\n<\/div>\n<\/div><\/div>\n<\/div>\n<\/div>\n<\/div>\n<\/div>\n<\/div>\n<div id=\"cmsmasters_row_8gxrw3y1b5\" class=\"cmsmasters_row cmsmasters_color_scheme_default cmsmasters_row_top_default cmsmasters_row_bot_default cmsmasters_row_boxed\">\n<div class=\"cmsmasters_row_outer_parent\">\n<div class=\"cmsmasters_row_outer\">\n<div class=\"cmsmasters_row_inner\">\n<div class=\"cmsmasters_row_margin\">\n<div id=\"cmsmasters_column_lgzj3eza6c\" class=\"cmsmasters_column one_first\">\n<div class=\"cmsmasters_column_inner\"><div id=\"cmsmasters_gallery_nvfk5hf4yd\" class=\"cmsmasters_gallery_wrap\" data-type=\"masonry\" data-count=\"0\"><ul class=\"cmsmasters_gallery cmsmasters_4 cmsmasters_more_items_loader\"><li class=\"cmsmasters_gallery_item\"><figure><a href=\"https:\/\/kulturamoldava.sk\/wp-content\/uploads\/2019\/08\/04b.jpg\" rel=\"ilightbox[nvfk5hf4yd]\"><img loading=\"lazy\" decoding=\"async\" width=\"1024\" height=\"683\" src=\"https:\/\/kulturamoldava.sk\/wp-content\/uploads\/2019\/08\/04b.jpg\" class=\"attachment-full size-full\" alt=\"\" srcset=\"https:\/\/kulturamoldava.sk\/wp-content\/uploads\/2019\/08\/04b.jpg 1024w, https:\/\/kulturamoldava.sk\/wp-content\/uploads\/2019\/08\/04b-600x400.jpg 600w, https:\/\/kulturamoldava.sk\/wp-content\/uploads\/2019\/08\/04b-300x200.jpg 300w, https:\/\/kulturamoldava.sk\/wp-content\/uploads\/2019\/08\/04b-768x512.jpg 768w, https:\/\/kulturamoldava.sk\/wp-content\/uploads\/2019\/08\/04b-580x387.jpg 580w, https:\/\/kulturamoldava.sk\/wp-content\/uploads\/2019\/08\/04b-860x574.jpg 860w\" sizes=\"auto, (max-width: 1024px) 100vw, 1024px\" \/><\/a><\/figure><\/li><li class=\"cmsmasters_gallery_item\"><figure><a href=\"https:\/\/kulturamoldava.sk\/wp-content\/uploads\/2019\/08\/04c.jpg\" rel=\"ilightbox[nvfk5hf4yd]\"><img loading=\"lazy\" decoding=\"async\" width=\"1024\" height=\"683\" src=\"https:\/\/kulturamoldava.sk\/wp-content\/uploads\/2019\/08\/04c.jpg\" class=\"attachment-full size-full\" alt=\"\" srcset=\"https:\/\/kulturamoldava.sk\/wp-content\/uploads\/2019\/08\/04c.jpg 1024w, https:\/\/kulturamoldava.sk\/wp-content\/uploads\/2019\/08\/04c-600x400.jpg 600w, https:\/\/kulturamoldava.sk\/wp-content\/uploads\/2019\/08\/04c-300x200.jpg 300w, https:\/\/kulturamoldava.sk\/wp-content\/uploads\/2019\/08\/04c-768x512.jpg 768w, https:\/\/kulturamoldava.sk\/wp-content\/uploads\/2019\/08\/04c-580x387.jpg 580w, https:\/\/kulturamoldava.sk\/wp-content\/uploads\/2019\/08\/04c-860x574.jpg 860w\" sizes=\"auto, (max-width: 1024px) 100vw, 1024px\" \/><\/a><\/figure><\/li><li class=\"cmsmasters_gallery_item\"><figure><a href=\"https:\/\/kulturamoldava.sk\/wp-content\/uploads\/2019\/08\/04d.jpg\" rel=\"ilightbox[nvfk5hf4yd]\"><img loading=\"lazy\" decoding=\"async\" width=\"683\" height=\"1024\" src=\"https:\/\/kulturamoldava.sk\/wp-content\/uploads\/2019\/08\/04d.jpg\" class=\"attachment-full size-full\" alt=\"\" srcset=\"https:\/\/kulturamoldava.sk\/wp-content\/uploads\/2019\/08\/04d.jpg 683w, https:\/\/kulturamoldava.sk\/wp-content\/uploads\/2019\/08\/04d-600x900.jpg 600w, https:\/\/kulturamoldava.sk\/wp-content\/uploads\/2019\/08\/04d-200x300.jpg 200w, https:\/\/kulturamoldava.sk\/wp-content\/uploads\/2019\/08\/04d-580x870.jpg 580w\" sizes=\"auto, (max-width: 683px) 100vw, 683px\" \/><\/a><\/figure><\/li><li class=\"cmsmasters_gallery_item\"><figure><a href=\"https:\/\/kulturamoldava.sk\/wp-content\/uploads\/2019\/08\/img_4604.jpg\" rel=\"ilightbox[nvfk5hf4yd]\"><img loading=\"lazy\" decoding=\"async\" width=\"800\" height=\"533\" src=\"https:\/\/kulturamoldava.sk\/wp-content\/uploads\/2019\/08\/img_4604.jpg\" class=\"attachment-full size-full\" alt=\"\" srcset=\"https:\/\/kulturamoldava.sk\/wp-content\/uploads\/2019\/08\/img_4604.jpg 800w, https:\/\/kulturamoldava.sk\/wp-content\/uploads\/2019\/08\/img_4604-600x400.jpg 600w, https:\/\/kulturamoldava.sk\/wp-content\/uploads\/2019\/08\/img_4604-300x200.jpg 300w, https:\/\/kulturamoldava.sk\/wp-content\/uploads\/2019\/08\/img_4604-768x512.jpg 768w, https:\/\/kulturamoldava.sk\/wp-content\/uploads\/2019\/08\/img_4604-580x386.jpg 580w\" sizes=\"auto, (max-width: 800px) 100vw, 800px\" \/><\/a><\/figure><\/li><li class=\"cmsmasters_gallery_item\"><figure><a href=\"https:\/\/kulturamoldava.sk\/wp-content\/uploads\/2019\/08\/img_4608.jpg\" rel=\"ilightbox[nvfk5hf4yd]\"><img loading=\"lazy\" decoding=\"async\" width=\"800\" height=\"450\" src=\"https:\/\/kulturamoldava.sk\/wp-content\/uploads\/2019\/08\/img_4608.jpg\" class=\"attachment-full size-full\" alt=\"\" srcset=\"https:\/\/kulturamoldava.sk\/wp-content\/uploads\/2019\/08\/img_4608.jpg 800w, https:\/\/kulturamoldava.sk\/wp-content\/uploads\/2019\/08\/img_4608-600x338.jpg 600w, https:\/\/kulturamoldava.sk\/wp-content\/uploads\/2019\/08\/img_4608-300x169.jpg 300w, https:\/\/kulturamoldava.sk\/wp-content\/uploads\/2019\/08\/img_4608-768x432.jpg 768w, https:\/\/kulturamoldava.sk\/wp-content\/uploads\/2019\/08\/img_4608-580x326.jpg 580w\" sizes=\"auto, (max-width: 800px) 100vw, 800px\" \/><\/a><\/figure><\/li><li class=\"cmsmasters_gallery_item\"><figure><a href=\"https:\/\/kulturamoldava.sk\/wp-content\/uploads\/2019\/08\/img_4640.jpg\" rel=\"ilightbox[nvfk5hf4yd]\"><img loading=\"lazy\" decoding=\"async\" width=\"800\" height=\"533\" src=\"https:\/\/kulturamoldava.sk\/wp-content\/uploads\/2019\/08\/img_4640.jpg\" class=\"attachment-full size-full\" alt=\"\" srcset=\"https:\/\/kulturamoldava.sk\/wp-content\/uploads\/2019\/08\/img_4640.jpg 800w, https:\/\/kulturamoldava.sk\/wp-content\/uploads\/2019\/08\/img_4640-600x400.jpg 600w, https:\/\/kulturamoldava.sk\/wp-content\/uploads\/2019\/08\/img_4640-300x200.jpg 300w, https:\/\/kulturamoldava.sk\/wp-content\/uploads\/2019\/08\/img_4640-768x512.jpg 768w, https:\/\/kulturamoldava.sk\/wp-content\/uploads\/2019\/08\/img_4640-580x386.jpg 580w\" sizes=\"auto, (max-width: 800px) 100vw, 800px\" \/><\/a><\/figure><\/li><li class=\"cmsmasters_gallery_item\"><figure><a href=\"https:\/\/kulturamoldava.sk\/wp-content\/uploads\/2019\/08\/img_4645.jpg\" rel=\"ilightbox[nvfk5hf4yd]\"><img loading=\"lazy\" decoding=\"async\" width=\"800\" height=\"533\" src=\"https:\/\/kulturamoldava.sk\/wp-content\/uploads\/2019\/08\/img_4645.jpg\" class=\"attachment-full size-full\" alt=\"\" srcset=\"https:\/\/kulturamoldava.sk\/wp-content\/uploads\/2019\/08\/img_4645.jpg 800w, https:\/\/kulturamoldava.sk\/wp-content\/uploads\/2019\/08\/img_4645-600x400.jpg 600w, https:\/\/kulturamoldava.sk\/wp-content\/uploads\/2019\/08\/img_4645-300x200.jpg 300w, https:\/\/kulturamoldava.sk\/wp-content\/uploads\/2019\/08\/img_4645-768x512.jpg 768w, https:\/\/kulturamoldava.sk\/wp-content\/uploads\/2019\/08\/img_4645-580x386.jpg 580w\" sizes=\"auto, (max-width: 800px) 100vw, 800px\" \/><\/a><\/figure><\/li><li class=\"cmsmasters_gallery_item\"><figure><a href=\"https:\/\/kulturamoldava.sk\/wp-content\/uploads\/2019\/08\/img_4651.jpg\" rel=\"ilightbox[nvfk5hf4yd]\"><img loading=\"lazy\" decoding=\"async\" width=\"800\" height=\"533\" src=\"https:\/\/kulturamoldava.sk\/wp-content\/uploads\/2019\/08\/img_4651.jpg\" class=\"attachment-full size-full\" alt=\"\" srcset=\"https:\/\/kulturamoldava.sk\/wp-content\/uploads\/2019\/08\/img_4651.jpg 800w, https:\/\/kulturamoldava.sk\/wp-content\/uploads\/2019\/08\/img_4651-600x400.jpg 600w, https:\/\/kulturamoldava.sk\/wp-content\/uploads\/2019\/08\/img_4651-300x200.jpg 300w, https:\/\/kulturamoldava.sk\/wp-content\/uploads\/2019\/08\/img_4651-768x512.jpg 768w, https:\/\/kulturamoldava.sk\/wp-content\/uploads\/2019\/08\/img_4651-580x386.jpg 580w\" sizes=\"auto, (max-width: 800px) 100vw, 800px\" \/><\/a><\/figure><\/li><li class=\"cmsmasters_gallery_item\"><figure><a href=\"https:\/\/kulturamoldava.sk\/wp-content\/uploads\/2019\/08\/img_4655.jpg\" rel=\"ilightbox[nvfk5hf4yd]\"><img loading=\"lazy\" decoding=\"async\" width=\"800\" height=\"533\" src=\"https:\/\/kulturamoldava.sk\/wp-content\/uploads\/2019\/08\/img_4655.jpg\" class=\"attachment-full size-full\" alt=\"\" srcset=\"https:\/\/kulturamoldava.sk\/wp-content\/uploads\/2019\/08\/img_4655.jpg 800w, https:\/\/kulturamoldava.sk\/wp-content\/uploads\/2019\/08\/img_4655-600x400.jpg 600w, https:\/\/kulturamoldava.sk\/wp-content\/uploads\/2019\/08\/img_4655-300x200.jpg 300w, https:\/\/kulturamoldava.sk\/wp-content\/uploads\/2019\/08\/img_4655-768x512.jpg 768w, https:\/\/kulturamoldava.sk\/wp-content\/uploads\/2019\/08\/img_4655-580x386.jpg 580w\" sizes=\"auto, (max-width: 800px) 100vw, 800px\" \/><\/a><\/figure><\/li><li class=\"cmsmasters_gallery_item\"><figure><a href=\"https:\/\/kulturamoldava.sk\/wp-content\/uploads\/2019\/08\/img_4656.jpg\" rel=\"ilightbox[nvfk5hf4yd]\"><img loading=\"lazy\" decoding=\"async\" width=\"800\" height=\"533\" src=\"https:\/\/kulturamoldava.sk\/wp-content\/uploads\/2019\/08\/img_4656.jpg\" class=\"attachment-full size-full\" alt=\"\" srcset=\"https:\/\/kulturamoldava.sk\/wp-content\/uploads\/2019\/08\/img_4656.jpg 800w, https:\/\/kulturamoldava.sk\/wp-content\/uploads\/2019\/08\/img_4656-600x400.jpg 600w, https:\/\/kulturamoldava.sk\/wp-content\/uploads\/2019\/08\/img_4656-300x200.jpg 300w, https:\/\/kulturamoldava.sk\/wp-content\/uploads\/2019\/08\/img_4656-768x512.jpg 768w, https:\/\/kulturamoldava.sk\/wp-content\/uploads\/2019\/08\/img_4656-580x386.jpg 580w\" sizes=\"auto, (max-width: 800px) 100vw, 800px\" \/><\/a><\/figure><\/li><li class=\"cmsmasters_gallery_item\"><figure><a href=\"https:\/\/kulturamoldava.sk\/wp-content\/uploads\/2019\/08\/img_5102.jpg\" rel=\"ilightbox[nvfk5hf4yd]\"><img loading=\"lazy\" decoding=\"async\" width=\"800\" height=\"533\" src=\"https:\/\/kulturamoldava.sk\/wp-content\/uploads\/2019\/08\/img_5102.jpg\" class=\"attachment-full size-full\" alt=\"\" srcset=\"https:\/\/kulturamoldava.sk\/wp-content\/uploads\/2019\/08\/img_5102.jpg 800w, https:\/\/kulturamoldava.sk\/wp-content\/uploads\/2019\/08\/img_5102-600x400.jpg 600w, https:\/\/kulturamoldava.sk\/wp-content\/uploads\/2019\/08\/img_5102-300x200.jpg 300w, https:\/\/kulturamoldava.sk\/wp-content\/uploads\/2019\/08\/img_5102-768x512.jpg 768w, https:\/\/kulturamoldava.sk\/wp-content\/uploads\/2019\/08\/img_5102-580x386.jpg 580w\" sizes=\"auto, (max-width: 800px) 100vw, 800px\" \/><\/a><\/figure><\/li><li class=\"cmsmasters_gallery_item\"><figure><a href=\"https:\/\/kulturamoldava.sk\/wp-content\/uploads\/2019\/08\/kovacska_vyhna.jpg\" rel=\"ilightbox[nvfk5hf4yd]\"><img loading=\"lazy\" decoding=\"async\" width=\"800\" height=\"503\" src=\"https:\/\/kulturamoldava.sk\/wp-content\/uploads\/2019\/08\/kovacska_vyhna.jpg\" class=\"attachment-full size-full\" alt=\"\" srcset=\"https:\/\/kulturamoldava.sk\/wp-content\/uploads\/2019\/08\/kovacska_vyhna.jpg 800w, https:\/\/kulturamoldava.sk\/wp-content\/uploads\/2019\/08\/kovacska_vyhna-600x377.jpg 600w, https:\/\/kulturamoldava.sk\/wp-content\/uploads\/2019\/08\/kovacska_vyhna-300x189.jpg 300w, https:\/\/kulturamoldava.sk\/wp-content\/uploads\/2019\/08\/kovacska_vyhna-768x483.jpg 768w, https:\/\/kulturamoldava.sk\/wp-content\/uploads\/2019\/08\/kovacska_vyhna-580x365.jpg 580w\" sizes=\"auto, (max-width: 800px) 100vw, 800px\" \/><\/a><\/figure><\/li><li class=\"cmsmasters_gallery_item\"><figure><a href=\"https:\/\/kulturamoldava.sk\/wp-content\/uploads\/2019\/08\/krajcirska_izba.jpg\" rel=\"ilightbox[nvfk5hf4yd]\"><img loading=\"lazy\" decoding=\"async\" width=\"800\" height=\"497\" src=\"https:\/\/kulturamoldava.sk\/wp-content\/uploads\/2019\/08\/krajcirska_izba.jpg\" class=\"attachment-full size-full\" alt=\"\" srcset=\"https:\/\/kulturamoldava.sk\/wp-content\/uploads\/2019\/08\/krajcirska_izba.jpg 800w, https:\/\/kulturamoldava.sk\/wp-content\/uploads\/2019\/08\/krajcirska_izba-600x373.jpg 600w, https:\/\/kulturamoldava.sk\/wp-content\/uploads\/2019\/08\/krajcirska_izba-300x186.jpg 300w, https:\/\/kulturamoldava.sk\/wp-content\/uploads\/2019\/08\/krajcirska_izba-768x477.jpg 768w, https:\/\/kulturamoldava.sk\/wp-content\/uploads\/2019\/08\/krajcirska_izba-580x360.jpg 580w\" sizes=\"auto, (max-width: 800px) 100vw, 800px\" \/><\/a><\/figure><\/li><li class=\"cmsmasters_gallery_item\"><figure><a href=\"https:\/\/kulturamoldava.sk\/wp-content\/uploads\/2019\/08\/kuchynka.jpg\" rel=\"ilightbox[nvfk5hf4yd]\"><img loading=\"lazy\" decoding=\"async\" width=\"800\" height=\"392\" src=\"https:\/\/kulturamoldava.sk\/wp-content\/uploads\/2019\/08\/kuchynka.jpg\" class=\"attachment-full size-full\" alt=\"\" srcset=\"https:\/\/kulturamoldava.sk\/wp-content\/uploads\/2019\/08\/kuchynka.jpg 800w, https:\/\/kulturamoldava.sk\/wp-content\/uploads\/2019\/08\/kuchynka-600x294.jpg 600w, https:\/\/kulturamoldava.sk\/wp-content\/uploads\/2019\/08\/kuchynka-300x147.jpg 300w, https:\/\/kulturamoldava.sk\/wp-content\/uploads\/2019\/08\/kuchynka-768x376.jpg 768w, https:\/\/kulturamoldava.sk\/wp-content\/uploads\/2019\/08\/kuchynka-580x284.jpg 580w\" sizes=\"auto, (max-width: 800px) 100vw, 800px\" \/><\/a><\/figure><\/li><li class=\"cmsmasters_gallery_item\"><figure><a href=\"https:\/\/kulturamoldava.sk\/wp-content\/uploads\/2019\/08\/obuvnicka_izba.jpg\" rel=\"ilightbox[nvfk5hf4yd]\"><img loading=\"lazy\" decoding=\"async\" width=\"800\" height=\"415\" src=\"https:\/\/kulturamoldava.sk\/wp-content\/uploads\/2019\/08\/obuvnicka_izba.jpg\" class=\"attachment-full size-full\" alt=\"\" srcset=\"https:\/\/kulturamoldava.sk\/wp-content\/uploads\/2019\/08\/obuvnicka_izba.jpg 800w, https:\/\/kulturamoldava.sk\/wp-content\/uploads\/2019\/08\/obuvnicka_izba-600x311.jpg 600w, https:\/\/kulturamoldava.sk\/wp-content\/uploads\/2019\/08\/obuvnicka_izba-300x156.jpg 300w, https:\/\/kulturamoldava.sk\/wp-content\/uploads\/2019\/08\/obuvnicka_izba-768x398.jpg 768w, https:\/\/kulturamoldava.sk\/wp-content\/uploads\/2019\/08\/obuvnicka_izba-580x301.jpg 580w\" sizes=\"auto, (max-width: 800px) 100vw, 800px\" \/><\/a><\/figure><\/li><li class=\"cmsmasters_gallery_item\"><figure><a href=\"https:\/\/kulturamoldava.sk\/wp-content\/uploads\/2019\/08\/Vyhna2.jpg\" rel=\"ilightbox[nvfk5hf4yd]\"><img loading=\"lazy\" decoding=\"async\" width=\"1024\" height=\"683\" src=\"https:\/\/kulturamoldava.sk\/wp-content\/uploads\/2019\/08\/Vyhna2.jpg\" class=\"attachment-full size-full\" alt=\"\" srcset=\"https:\/\/kulturamoldava.sk\/wp-content\/uploads\/2019\/08\/Vyhna2.jpg 1024w, https:\/\/kulturamoldava.sk\/wp-content\/uploads\/2019\/08\/Vyhna2-600x400.jpg 600w, https:\/\/kulturamoldava.sk\/wp-content\/uploads\/2019\/08\/Vyhna2-300x200.jpg 300w, https:\/\/kulturamoldava.sk\/wp-content\/uploads\/2019\/08\/Vyhna2-768x512.jpg 768w, https:\/\/kulturamoldava.sk\/wp-content\/uploads\/2019\/08\/Vyhna2-580x387.jpg 580w, https:\/\/kulturamoldava.sk\/wp-content\/uploads\/2019\/08\/Vyhna2-860x574.jpg 860w\" sizes=\"auto, (max-width: 1024px) 100vw, 1024px\" \/><\/a><\/figure><\/li><li class=\"cmsmasters_gallery_item\"><figure><a href=\"https:\/\/kulturamoldava.sk\/wp-content\/uploads\/2019\/08\/Vyhna4.jpg\" rel=\"ilightbox[nvfk5hf4yd]\"><img loading=\"lazy\" decoding=\"async\" width=\"1024\" height=\"683\" src=\"https:\/\/kulturamoldava.sk\/wp-content\/uploads\/2019\/08\/Vyhna4.jpg\" class=\"attachment-full size-full\" alt=\"\" srcset=\"https:\/\/kulturamoldava.sk\/wp-content\/uploads\/2019\/08\/Vyhna4.jpg 1024w, https:\/\/kulturamoldava.sk\/wp-content\/uploads\/2019\/08\/Vyhna4-600x400.jpg 600w, https:\/\/kulturamoldava.sk\/wp-content\/uploads\/2019\/08\/Vyhna4-300x200.jpg 300w, https:\/\/kulturamoldava.sk\/wp-content\/uploads\/2019\/08\/Vyhna4-768x512.jpg 768w, https:\/\/kulturamoldava.sk\/wp-content\/uploads\/2019\/08\/Vyhna4-580x387.jpg 580w, https:\/\/kulturamoldava.sk\/wp-content\/uploads\/2019\/08\/Vyhna4-860x574.jpg 860w\" sizes=\"auto, (max-width: 1024px) 100vw, 1024px\" \/><\/a><\/figure><\/li><\/ul><\/div>\n<\/div><\/div>\n<\/div>\n<\/div>\n<\/div>\n<\/div>\n<\/div>\n\n","protected":false},"excerpt":{"rendered":"","protected":false},"author":1,"featured_media":0,"parent":0,"menu_order":0,"comment_status":"closed","ping_status":"closed","template":"","meta":{"ngg_post_thumbnail":0,"footnotes":""},"class_list":["post-21098","page","type-page","status-publish","hentry"],"yoast_head":"<!-- This site is optimized with the Yoast SEO plugin v27.4 - https:\/\/yoast.com\/product\/yoast-seo-wordpress\/ -->\n<title>Kov\u00e1\u010dska vyh\u0148a - Mestsk\u00e9 kult\u00farne stredisko Moldava nad Bodvou<\/title>\n<meta name=\"robots\" content=\"index, follow, max-snippet:-1, max-image-preview:large, max-video-preview:-1\" \/>\n<link rel=\"canonical\" href=\"https:\/\/kulturamoldava.sk\/hu\/kovacska-vyhna\/\" \/>\n<meta property=\"og:locale\" content=\"hu_HU\" \/>\n<meta property=\"og:type\" content=\"article\" \/>\n<meta property=\"og:title\" content=\"Kov\u00e1\u010dska vyh\u0148a - Mestsk\u00e9 kult\u00farne stredisko Moldava nad Bodvou\" \/>\n<meta property=\"og:url\" content=\"https:\/\/kulturamoldava.sk\/hu\/kovacska-vyhna\/\" \/>\n<meta property=\"og:site_name\" content=\"Mestsk\u00e9 kult\u00farne stredisko Moldava nad Bodvou\" \/>\n<meta property=\"article:modified_time\" content=\"2023-05-27T09:00:33+00:00\" \/>\n<meta name=\"twitter:card\" content=\"summary_large_image\" \/>\n<meta name=\"twitter:label1\" content=\"Becs\u00fclt olvas\u00e1si id\u0151\" \/>\n\t<meta name=\"twitter:data1\" content=\"1 perc\" \/>\n<script type=\"application\/ld+json\" class=\"yoast-schema-graph\">{\"@context\":\"https:\\\/\\\/schema.org\",\"@graph\":[{\"@type\":\"WebPage\",\"@id\":\"https:\\\/\\\/kulturamoldava.sk\\\/kovacska-vyhna\\\/\",\"url\":\"https:\\\/\\\/kulturamoldava.sk\\\/kovacska-vyhna\\\/\",\"name\":\"Kov\u00e1\u010dska vyh\u0148a - Mestsk\u00e9 kult\u00farne stredisko Moldava nad Bodvou\",\"isPartOf\":{\"@id\":\"https:\\\/\\\/kulturamoldava.sk\\\/#website\"},\"datePublished\":\"2019-08-03T21:10:20+00:00\",\"dateModified\":\"2023-05-27T09:00:33+00:00\",\"breadcrumb\":{\"@id\":\"https:\\\/\\\/kulturamoldava.sk\\\/kovacska-vyhna\\\/#breadcrumb\"},\"inLanguage\":\"hu\",\"potentialAction\":[{\"@type\":\"ReadAction\",\"target\":[\"https:\\\/\\\/kulturamoldava.sk\\\/kovacska-vyhna\\\/\"]}]},{\"@type\":\"BreadcrumbList\",\"@id\":\"https:\\\/\\\/kulturamoldava.sk\\\/kovacska-vyhna\\\/#breadcrumb\",\"itemListElement\":[{\"@type\":\"ListItem\",\"position\":1,\"name\":\"Home\",\"item\":\"https:\\\/\\\/kulturamoldava.sk\\\/\"},{\"@type\":\"ListItem\",\"position\":2,\"name\":\"Kov\u00e1\u010dska vyh\u0148a\"}]},{\"@type\":\"WebSite\",\"@id\":\"https:\\\/\\\/kulturamoldava.sk\\\/#website\",\"url\":\"https:\\\/\\\/kulturamoldava.sk\\\/\",\"name\":\"Mestsk\u00e9 kult\u00farne stredisko Moldava nad Bodvou\",\"description\":\"\",\"potentialAction\":[{\"@type\":\"SearchAction\",\"target\":{\"@type\":\"EntryPoint\",\"urlTemplate\":\"https:\\\/\\\/kulturamoldava.sk\\\/?s={search_term_string}\"},\"query-input\":{\"@type\":\"PropertyValueSpecification\",\"valueRequired\":true,\"valueName\":\"search_term_string\"}}],\"inLanguage\":\"hu\"}]}<\/script>\n<!-- \/ Yoast SEO plugin. -->","yoast_head_json":{"title":"Kov\u00e1\u010dska vyh\u0148a - Mestsk\u00e9 kult\u00farne stredisko Moldava nad Bodvou","robots":{"index":"index","follow":"follow","max-snippet":"max-snippet:-1","max-image-preview":"max-image-preview:large","max-video-preview":"max-video-preview:-1"},"canonical":"https:\/\/kulturamoldava.sk\/hu\/kovacska-vyhna\/","og_locale":"hu_HU","og_type":"article","og_title":"Kov\u00e1\u010dska vyh\u0148a - Mestsk\u00e9 kult\u00farne stredisko Moldava nad Bodvou","og_url":"https:\/\/kulturamoldava.sk\/hu\/kovacska-vyhna\/","og_site_name":"Mestsk\u00e9 kult\u00farne stredisko Moldava nad Bodvou","article_modified_time":"2023-05-27T09:00:33+00:00","twitter_card":"summary_large_image","twitter_misc":{"Becs\u00fclt olvas\u00e1si id\u0151":"1 perc"},"schema":{"@context":"https:\/\/schema.org","@graph":[{"@type":"WebPage","@id":"https:\/\/kulturamoldava.sk\/kovacska-vyhna\/","url":"https:\/\/kulturamoldava.sk\/kovacska-vyhna\/","name":"Kov\u00e1\u010dska vyh\u0148a - Mestsk\u00e9 kult\u00farne stredisko Moldava nad Bodvou","isPartOf":{"@id":"https:\/\/kulturamoldava.sk\/#website"},"datePublished":"2019-08-03T21:10:20+00:00","dateModified":"2023-05-27T09:00:33+00:00","breadcrumb":{"@id":"https:\/\/kulturamoldava.sk\/kovacska-vyhna\/#breadcrumb"},"inLanguage":"hu","potentialAction":[{"@type":"ReadAction","target":["https:\/\/kulturamoldava.sk\/kovacska-vyhna\/"]}]},{"@type":"BreadcrumbList","@id":"https:\/\/kulturamoldava.sk\/kovacska-vyhna\/#breadcrumb","itemListElement":[{"@type":"ListItem","position":1,"name":"Home","item":"https:\/\/kulturamoldava.sk\/"},{"@type":"ListItem","position":2,"name":"Kov\u00e1\u010dska vyh\u0148a"}]},{"@type":"WebSite","@id":"https:\/\/kulturamoldava.sk\/#website","url":"https:\/\/kulturamoldava.sk\/","name":"Szepsi V\u00e1rosi M\u0171vel\u0151d\u00e9si K\u00f6zpont","description":"","potentialAction":[{"@type":"SearchAction","target":{"@type":"EntryPoint","urlTemplate":"https:\/\/kulturamoldava.sk\/?s={search_term_string}"},"query-input":{"@type":"PropertyValueSpecification","valueRequired":true,"valueName":"search_term_string"}}],"inLanguage":"hu"}]}},"_links":{"self":[{"href":"https:\/\/kulturamoldava.sk\/hu\/wp-json\/wp\/v2\/pages\/21098","targetHints":{"allow":["GET"]}}],"collection":[{"href":"https:\/\/kulturamoldava.sk\/hu\/wp-json\/wp\/v2\/pages"}],"about":[{"href":"https:\/\/kulturamoldava.sk\/hu\/wp-json\/wp\/v2\/types\/page"}],"author":[{"embeddable":true,"href":"https:\/\/kulturamoldava.sk\/hu\/wp-json\/wp\/v2\/users\/1"}],"replies":[{"embeddable":true,"href":"https:\/\/kulturamoldava.sk\/hu\/wp-json\/wp\/v2\/comments?post=21098"}],"version-history":[{"count":15,"href":"https:\/\/kulturamoldava.sk\/hu\/wp-json\/wp\/v2\/pages\/21098\/revisions"}],"predecessor-version":[{"id":29627,"href":"https:\/\/kulturamoldava.sk\/hu\/wp-json\/wp\/v2\/pages\/21098\/revisions\/29627"}],"wp:attachment":[{"href":"https:\/\/kulturamoldava.sk\/hu\/wp-json\/wp\/v2\/media?parent=21098"}],"curies":[{"name":"wp","href":"https:\/\/api.w.org\/{rel}","templated":true}]}}