{"id":21089,"date":"2019-08-03T22:27:31","date_gmt":"2019-08-03T20:27:31","guid":{"rendered":"http:\/\/kulturamoldava.csemadokbodollo.sk\/?page_id=21089"},"modified":"2019-08-03T22:30:14","modified_gmt":"2019-08-03T20:30:14","slug":"kulturne-pamiatky","status":"publish","type":"page","link":"https:\/\/kulturamoldava.sk\/hu\/kulturne-pamiatky\/","title":{"rendered":"Kultur\u00e1lis m\u0171eml\u00e9kek"},"content":{"rendered":"<div id=\"cmsmasters_row_g2okp1xcs\" class=\"cmsmasters_row cmsmasters_color_scheme_default cmsmasters_row_top_default cmsmasters_row_bot_default cmsmasters_row_boxed\">\n<div class=\"cmsmasters_row_outer_parent\">\n<div class=\"cmsmasters_row_outer\">\n<div class=\"cmsmasters_row_inner\">\n<div class=\"cmsmasters_row_margin\">\n<div id=\"cmsmasters_column_68cmvdlnrn\" class=\"cmsmasters_column one_first\">\n<div class=\"cmsmasters_column_inner\">\n<div id=\"portfolio_20l4kkcb29\" class=\"cmsmasters_wrap_portfolio entry-summary\" data-layout=\"grid\" data-layout-mode=\"perfect\" data-url=\"https:\/\/kulturamoldava.sk\/wp-content\/plugins\/cmsmasters-content-composer\/\" data-orderby=\"date\" data-order=\"DESC\" data-count=\"2\" data-categories=\"kulturne-pamiatky\" data-metadata=\"title\"><div class=\"portfolio grid large_gap perfect cmsmasters_2\"><!-- Start Project Grid Article  -->\r\n<article id=\"post-1167\" class=\"cmsmasters_project_grid post-1167 project type-project status-publish format-standard has-post-thumbnail hentry pj-categs-kulturne-pamiatky\" data-category=\"kulturne-pamiatky\">\r\n\t<div class=\"project_outer\">\r\n\t<header class=\"cmsmasters_project_header entry-header\"><h4 class=\"cmsmasters_project_title entry-title\"><a href=\"https:\/\/kulturamoldava.sk\/hu\/kovacska-vyhna\/\">Kov\u00e1csm\u0171hely<\/a><\/h4><\/header><figure class=\"cmsmasters_img_rollover_wrap preloader\"><img loading=\"lazy\" decoding=\"async\" width=\"580\" height=\"355\" src=\"https:\/\/kulturamoldava.sk\/wp-content\/uploads\/2017\/11\/kovacska_vyhna-580x355.jpg\" class=\"full-width wp-post-image\" alt=\"Kov\u00e1\u010dska vyh\u0148a\" title=\"kovacska_vyhna\" \/><div class=\"cmsmasters_img_rollover\"><a href=\"https:\/\/kulturamoldava.sk\/hu\/class\/kovacska-vyhna\/\" title=\"Kov\u00e1csm\u0171hely\" class=\"cmsmasters_open_link\"><\/a><\/div><\/figure><span class=\"dn meta-date\">20171130143428<\/span>\t<\/div>\r\n<\/article>\r\n<!-- Finish Project Grid Article  -->\r\n\r\n<!-- Start Project Grid Article  -->\r\n<article id=\"post-1164\" class=\"cmsmasters_project_grid post-1164 project type-project status-publish format-standard has-post-thumbnail hentry pj-categs-kulturne-pamiatky\" data-category=\"kulturne-pamiatky\">\r\n\t<div class=\"project_outer\">\r\n\t<header class=\"cmsmasters_project_header entry-header\"><h4 class=\"cmsmasters_project_title entry-title\"><a href=\"https:\/\/kulturamoldava.sk\/hu\/muzeum-vin-mate-laczko-szepsiho\/\">Szepsi Laczk\u00f3 M\u00e1t\u00e9 Borm\u00fazeum<\/a><\/h4><\/header><figure class=\"cmsmasters_img_rollover_wrap preloader\"><img loading=\"lazy\" decoding=\"async\" width=\"580\" height=\"355\" src=\"https:\/\/kulturamoldava.sk\/wp-content\/uploads\/2017\/11\/hlavna_miestnosthdr-580x355.jpg\" class=\"full-width wp-post-image\" alt=\"M\u00fazeum v\u00edn M\u00e1t\u00e9 Laczk\u00f3 Szepsiho\" title=\"hlavna_miestnosthdr\" \/><div class=\"cmsmasters_img_rollover\"><a href=\"https:\/\/kulturamoldava.sk\/hu\/class\/muzeum-vin-mate-laczko-szepsiho\/\" title=\"Szepsi Laczk\u00f3 M\u00e1t\u00e9 Borm\u00fazeum\" class=\"cmsmasters_open_link\"><\/a><\/div><\/figure><span class=\"dn meta-date\">20171128143349<\/span>\t<\/div>\r\n<\/article>\r\n<!-- Finish Project Grid Article  -->\r\n\r\n<\/div><\/div>\n<\/div><\/div>\n<\/div>\n<\/div>\n<\/div>\n<\/div>\n<\/div>","protected":false},"excerpt":{"rendered":"","protected":false},"author":1,"featured_media":0,"parent":0,"menu_order":0,"comment_status":"closed","ping_status":"closed","template":"","meta":{"ngg_post_thumbnail":0,"footnotes":""},"class_list":["post-21089","page","type-page","status-publish","hentry"],"yoast_head":"<!-- This site is optimized with the Yoast SEO plugin v27.4 - https:\/\/yoast.com\/product\/yoast-seo-wordpress\/ -->\n<title>Kult\u00farne pamiatky - Mestsk\u00e9 kult\u00farne stredisko Moldava nad Bodvou<\/title>\n<meta name=\"robots\" content=\"index, follow, max-snippet:-1, max-image-preview:large, max-video-preview:-1\" \/>\n<link rel=\"canonical\" href=\"https:\/\/kulturamoldava.sk\/hu\/kulturne-pamiatky\/\" \/>\n<meta property=\"og:locale\" content=\"hu_HU\" \/>\n<meta property=\"og:type\" content=\"article\" \/>\n<meta property=\"og:title\" content=\"Kult\u00farne pamiatky - Mestsk\u00e9 kult\u00farne stredisko Moldava nad Bodvou\" \/>\n<meta property=\"og:url\" content=\"https:\/\/kulturamoldava.sk\/hu\/kulturne-pamiatky\/\" \/>\n<meta property=\"og:site_name\" content=\"Mestsk\u00e9 kult\u00farne stredisko Moldava nad Bodvou\" \/>\n<meta property=\"article:modified_time\" content=\"2019-08-03T20:30:14+00:00\" \/>\n<meta name=\"twitter:card\" content=\"summary_large_image\" \/>\n<script type=\"application\/ld+json\" class=\"yoast-schema-graph\">{\"@context\":\"https:\\\/\\\/schema.org\",\"@graph\":[{\"@type\":\"WebPage\",\"@id\":\"https:\\\/\\\/kulturamoldava.sk\\\/kulturne-pamiatky\\\/\",\"url\":\"https:\\\/\\\/kulturamoldava.sk\\\/kulturne-pamiatky\\\/\",\"name\":\"Kult\u00farne pamiatky - Mestsk\u00e9 kult\u00farne stredisko Moldava nad Bodvou\",\"isPartOf\":{\"@id\":\"https:\\\/\\\/kulturamoldava.sk\\\/#website\"},\"datePublished\":\"2019-08-03T20:27:31+00:00\",\"dateModified\":\"2019-08-03T20:30:14+00:00\",\"breadcrumb\":{\"@id\":\"https:\\\/\\\/kulturamoldava.sk\\\/kulturne-pamiatky\\\/#breadcrumb\"},\"inLanguage\":\"hu\",\"potentialAction\":[{\"@type\":\"ReadAction\",\"target\":[\"https:\\\/\\\/kulturamoldava.sk\\\/kulturne-pamiatky\\\/\"]}]},{\"@type\":\"BreadcrumbList\",\"@id\":\"https:\\\/\\\/kulturamoldava.sk\\\/kulturne-pamiatky\\\/#breadcrumb\",\"itemListElement\":[{\"@type\":\"ListItem\",\"position\":1,\"name\":\"Home\",\"item\":\"https:\\\/\\\/kulturamoldava.sk\\\/\"},{\"@type\":\"ListItem\",\"position\":2,\"name\":\"Kult\u00farne pamiatky\"}]},{\"@type\":\"WebSite\",\"@id\":\"https:\\\/\\\/kulturamoldava.sk\\\/#website\",\"url\":\"https:\\\/\\\/kulturamoldava.sk\\\/\",\"name\":\"Mestsk\u00e9 kult\u00farne stredisko Moldava nad Bodvou\",\"description\":\"\",\"potentialAction\":[{\"@type\":\"SearchAction\",\"target\":{\"@type\":\"EntryPoint\",\"urlTemplate\":\"https:\\\/\\\/kulturamoldava.sk\\\/?s={search_term_string}\"},\"query-input\":{\"@type\":\"PropertyValueSpecification\",\"valueRequired\":true,\"valueName\":\"search_term_string\"}}],\"inLanguage\":\"hu\"}]}<\/script>\n<!-- \/ Yoast SEO plugin. -->","yoast_head_json":{"title":"Kult\u00farne pamiatky - Mestsk\u00e9 kult\u00farne stredisko Moldava nad Bodvou","robots":{"index":"index","follow":"follow","max-snippet":"max-snippet:-1","max-image-preview":"max-image-preview:large","max-video-preview":"max-video-preview:-1"},"canonical":"https:\/\/kulturamoldava.sk\/hu\/kulturne-pamiatky\/","og_locale":"hu_HU","og_type":"article","og_title":"Kult\u00farne pamiatky - Mestsk\u00e9 kult\u00farne stredisko Moldava nad Bodvou","og_url":"https:\/\/kulturamoldava.sk\/hu\/kulturne-pamiatky\/","og_site_name":"Mestsk\u00e9 kult\u00farne stredisko Moldava nad Bodvou","article_modified_time":"2019-08-03T20:30:14+00:00","twitter_card":"summary_large_image","schema":{"@context":"https:\/\/schema.org","@graph":[{"@type":"WebPage","@id":"https:\/\/kulturamoldava.sk\/kulturne-pamiatky\/","url":"https:\/\/kulturamoldava.sk\/kulturne-pamiatky\/","name":"Kult\u00farne pamiatky - Mestsk\u00e9 kult\u00farne stredisko Moldava nad Bodvou","isPartOf":{"@id":"https:\/\/kulturamoldava.sk\/#website"},"datePublished":"2019-08-03T20:27:31+00:00","dateModified":"2019-08-03T20:30:14+00:00","breadcrumb":{"@id":"https:\/\/kulturamoldava.sk\/kulturne-pamiatky\/#breadcrumb"},"inLanguage":"hu","potentialAction":[{"@type":"ReadAction","target":["https:\/\/kulturamoldava.sk\/kulturne-pamiatky\/"]}]},{"@type":"BreadcrumbList","@id":"https:\/\/kulturamoldava.sk\/kulturne-pamiatky\/#breadcrumb","itemListElement":[{"@type":"ListItem","position":1,"name":"Home","item":"https:\/\/kulturamoldava.sk\/"},{"@type":"ListItem","position":2,"name":"Kult\u00farne pamiatky"}]},{"@type":"WebSite","@id":"https:\/\/kulturamoldava.sk\/#website","url":"https:\/\/kulturamoldava.sk\/","name":"Szepsi V\u00e1rosi M\u0171vel\u0151d\u00e9si K\u00f6zpont","description":"","potentialAction":[{"@type":"SearchAction","target":{"@type":"EntryPoint","urlTemplate":"https:\/\/kulturamoldava.sk\/?s={search_term_string}"},"query-input":{"@type":"PropertyValueSpecification","valueRequired":true,"valueName":"search_term_string"}}],"inLanguage":"hu"}]}},"_links":{"self":[{"href":"https:\/\/kulturamoldava.sk\/hu\/wp-json\/wp\/v2\/pages\/21089","targetHints":{"allow":["GET"]}}],"collection":[{"href":"https:\/\/kulturamoldava.sk\/hu\/wp-json\/wp\/v2\/pages"}],"about":[{"href":"https:\/\/kulturamoldava.sk\/hu\/wp-json\/wp\/v2\/types\/page"}],"author":[{"embeddable":true,"href":"https:\/\/kulturamoldava.sk\/hu\/wp-json\/wp\/v2\/users\/1"}],"replies":[{"embeddable":true,"href":"https:\/\/kulturamoldava.sk\/hu\/wp-json\/wp\/v2\/comments?post=21089"}],"version-history":[{"count":6,"href":"https:\/\/kulturamoldava.sk\/hu\/wp-json\/wp\/v2\/pages\/21089\/revisions"}],"predecessor-version":[{"id":21092,"href":"https:\/\/kulturamoldava.sk\/hu\/wp-json\/wp\/v2\/pages\/21089\/revisions\/21092"}],"wp:attachment":[{"href":"https:\/\/kulturamoldava.sk\/hu\/wp-json\/wp\/v2\/media?parent=21089"}],"curies":[{"name":"wp","href":"https:\/\/api.w.org\/{rel}","templated":true}]}}