{"id":20944,"date":"2019-07-29T17:08:22","date_gmt":"2019-07-29T15:08:22","guid":{"rendered":"http:\/\/kulturamoldava.csemadokbodollo.sk\/?page_id=20944"},"modified":"2019-08-06T05:34:11","modified_gmt":"2019-08-06T03:34:11","slug":"register-zmluv-objednavok-a-faktur-2013","status":"publish","type":"page","link":"https:\/\/kulturamoldava.sk\/hu\/register-zmluv-objednavok-a-faktur-2013\/","title":{"rendered":"Sz\u00e1ml\u00e1k, megrendel\u00e9sek \u00e9s szerz\u0151d\u00e9sek jegyz\u00e9ke"},"content":{"rendered":"<h3 class=\"wp-block-heading\">Rok 2013<\/h3>\n\n\n\n<div class=\"wp-block-file\"><a href=\"https:\/\/kulturamoldava.sk\/wp-content\/uploads\/2019\/07\/dosle_faktury_2013_0.pdf\"> Dod\u00e1vate\u013esk\u00e9 fakt\u00fary 1.1.2013 <\/a><a href=\"https:\/\/kulturamoldava.sk\/wp-content\/uploads\/2019\/07\/dosle_faktury_2013_0.pdf\" class=\"wp-block-file__button\" download>Stiahnu\u0165<\/a><\/div>","protected":false},"excerpt":{"rendered":"<p>Rok 2013<\/p>","protected":false},"author":1,"featured_media":0,"parent":0,"menu_order":0,"comment_status":"closed","ping_status":"closed","template":"","meta":{"ngg_post_thumbnail":0,"footnotes":""},"class_list":["post-20944","page","type-page","status-publish","hentry"],"yoast_head":"<!-- This site is optimized with the Yoast SEO plugin v27.5 - https:\/\/yoast.com\/product\/yoast-seo-wordpress\/ -->\n<title>Register zml\u00fav, objedn\u00e1vok a fakt\u00far - Mestsk\u00e9 kult\u00farne stredisko Moldava nad Bodvou<\/title>\n<meta name=\"robots\" content=\"index, follow, max-snippet:-1, max-image-preview:large, max-video-preview:-1\" \/>\n<link rel=\"canonical\" href=\"https:\/\/kulturamoldava.sk\/hu\/register-zmluv-objednavok-a-faktur-2013\/\" \/>\n<meta property=\"og:locale\" content=\"hu_HU\" \/>\n<meta property=\"og:type\" content=\"article\" \/>\n<meta property=\"og:title\" content=\"Register zml\u00fav, objedn\u00e1vok a fakt\u00far - Mestsk\u00e9 kult\u00farne stredisko Moldava nad Bodvou\" \/>\n<meta property=\"og:description\" content=\"Rok 2013\" \/>\n<meta property=\"og:url\" content=\"https:\/\/kulturamoldava.sk\/hu\/register-zmluv-objednavok-a-faktur-2013\/\" \/>\n<meta property=\"og:site_name\" content=\"Mestsk\u00e9 kult\u00farne stredisko Moldava nad Bodvou\" \/>\n<meta property=\"article:modified_time\" content=\"2019-08-06T03:34:11+00:00\" \/>\n<meta name=\"twitter:card\" content=\"summary_large_image\" \/>\n<script type=\"application\/ld+json\" class=\"yoast-schema-graph\">{\"@context\":\"https:\\\/\\\/schema.org\",\"@graph\":[{\"@type\":\"WebPage\",\"@id\":\"https:\\\/\\\/kulturamoldava.sk\\\/register-zmluv-objednavok-a-faktur-2013\\\/\",\"url\":\"https:\\\/\\\/kulturamoldava.sk\\\/register-zmluv-objednavok-a-faktur-2013\\\/\",\"name\":\"Register zml\u00fav, objedn\u00e1vok a fakt\u00far - Mestsk\u00e9 kult\u00farne stredisko Moldava nad Bodvou\",\"isPartOf\":{\"@id\":\"https:\\\/\\\/kulturamoldava.sk\\\/#website\"},\"datePublished\":\"2019-07-29T15:08:22+00:00\",\"dateModified\":\"2019-08-06T03:34:11+00:00\",\"breadcrumb\":{\"@id\":\"https:\\\/\\\/kulturamoldava.sk\\\/register-zmluv-objednavok-a-faktur-2013\\\/#breadcrumb\"},\"inLanguage\":\"hu\",\"potentialAction\":[{\"@type\":\"ReadAction\",\"target\":[\"https:\\\/\\\/kulturamoldava.sk\\\/register-zmluv-objednavok-a-faktur-2013\\\/\"]}]},{\"@type\":\"BreadcrumbList\",\"@id\":\"https:\\\/\\\/kulturamoldava.sk\\\/register-zmluv-objednavok-a-faktur-2013\\\/#breadcrumb\",\"itemListElement\":[{\"@type\":\"ListItem\",\"position\":1,\"name\":\"Home\",\"item\":\"https:\\\/\\\/kulturamoldava.sk\\\/\"},{\"@type\":\"ListItem\",\"position\":2,\"name\":\"Register zml\u00fav, objedn\u00e1vok a fakt\u00far\"}]},{\"@type\":\"WebSite\",\"@id\":\"https:\\\/\\\/kulturamoldava.sk\\\/#website\",\"url\":\"https:\\\/\\\/kulturamoldava.sk\\\/\",\"name\":\"Mestsk\u00e9 kult\u00farne stredisko Moldava nad Bodvou\",\"description\":\"\",\"potentialAction\":[{\"@type\":\"SearchAction\",\"target\":{\"@type\":\"EntryPoint\",\"urlTemplate\":\"https:\\\/\\\/kulturamoldava.sk\\\/?s={search_term_string}\"},\"query-input\":{\"@type\":\"PropertyValueSpecification\",\"valueRequired\":true,\"valueName\":\"search_term_string\"}}],\"inLanguage\":\"hu\"}]}<\/script>\n<!-- \/ Yoast SEO plugin. -->","yoast_head_json":{"title":"Register zml\u00fav, objedn\u00e1vok a fakt\u00far - Mestsk\u00e9 kult\u00farne stredisko Moldava nad Bodvou","robots":{"index":"index","follow":"follow","max-snippet":"max-snippet:-1","max-image-preview":"max-image-preview:large","max-video-preview":"max-video-preview:-1"},"canonical":"https:\/\/kulturamoldava.sk\/hu\/register-zmluv-objednavok-a-faktur-2013\/","og_locale":"hu_HU","og_type":"article","og_title":"Register zml\u00fav, objedn\u00e1vok a fakt\u00far - Mestsk\u00e9 kult\u00farne stredisko Moldava nad Bodvou","og_description":"Rok 2013","og_url":"https:\/\/kulturamoldava.sk\/hu\/register-zmluv-objednavok-a-faktur-2013\/","og_site_name":"Mestsk\u00e9 kult\u00farne stredisko Moldava nad Bodvou","article_modified_time":"2019-08-06T03:34:11+00:00","twitter_card":"summary_large_image","schema":{"@context":"https:\/\/schema.org","@graph":[{"@type":"WebPage","@id":"https:\/\/kulturamoldava.sk\/register-zmluv-objednavok-a-faktur-2013\/","url":"https:\/\/kulturamoldava.sk\/register-zmluv-objednavok-a-faktur-2013\/","name":"Register zml\u00fav, objedn\u00e1vok a fakt\u00far - Mestsk\u00e9 kult\u00farne stredisko Moldava nad Bodvou","isPartOf":{"@id":"https:\/\/kulturamoldava.sk\/#website"},"datePublished":"2019-07-29T15:08:22+00:00","dateModified":"2019-08-06T03:34:11+00:00","breadcrumb":{"@id":"https:\/\/kulturamoldava.sk\/register-zmluv-objednavok-a-faktur-2013\/#breadcrumb"},"inLanguage":"hu","potentialAction":[{"@type":"ReadAction","target":["https:\/\/kulturamoldava.sk\/register-zmluv-objednavok-a-faktur-2013\/"]}]},{"@type":"BreadcrumbList","@id":"https:\/\/kulturamoldava.sk\/register-zmluv-objednavok-a-faktur-2013\/#breadcrumb","itemListElement":[{"@type":"ListItem","position":1,"name":"Home","item":"https:\/\/kulturamoldava.sk\/"},{"@type":"ListItem","position":2,"name":"Register zml\u00fav, objedn\u00e1vok a fakt\u00far"}]},{"@type":"WebSite","@id":"https:\/\/kulturamoldava.sk\/#website","url":"https:\/\/kulturamoldava.sk\/","name":"Szepsi V\u00e1rosi M\u0171vel\u0151d\u00e9si K\u00f6zpont","description":"","potentialAction":[{"@type":"SearchAction","target":{"@type":"EntryPoint","urlTemplate":"https:\/\/kulturamoldava.sk\/?s={search_term_string}"},"query-input":{"@type":"PropertyValueSpecification","valueRequired":true,"valueName":"search_term_string"}}],"inLanguage":"hu"}]}},"_links":{"self":[{"href":"https:\/\/kulturamoldava.sk\/hu\/wp-json\/wp\/v2\/pages\/20944","targetHints":{"allow":["GET"]}}],"collection":[{"href":"https:\/\/kulturamoldava.sk\/hu\/wp-json\/wp\/v2\/pages"}],"about":[{"href":"https:\/\/kulturamoldava.sk\/hu\/wp-json\/wp\/v2\/types\/page"}],"author":[{"embeddable":true,"href":"https:\/\/kulturamoldava.sk\/hu\/wp-json\/wp\/v2\/users\/1"}],"replies":[{"embeddable":true,"href":"https:\/\/kulturamoldava.sk\/hu\/wp-json\/wp\/v2\/comments?post=20944"}],"version-history":[{"count":3,"href":"https:\/\/kulturamoldava.sk\/hu\/wp-json\/wp\/v2\/pages\/20944\/revisions"}],"predecessor-version":[{"id":21395,"href":"https:\/\/kulturamoldava.sk\/hu\/wp-json\/wp\/v2\/pages\/20944\/revisions\/21395"}],"wp:attachment":[{"href":"https:\/\/kulturamoldava.sk\/hu\/wp-json\/wp\/v2\/media?parent=20944"}],"curies":[{"name":"wp","href":"https:\/\/api.w.org\/{rel}","templated":true}]}}