{"id":20893,"date":"2019-07-29T09:35:49","date_gmt":"2019-07-29T07:35:49","guid":{"rendered":"http:\/\/kulturamoldava.csemadokbodollo.sk\/?page_id=20893"},"modified":"2019-07-29T09:41:59","modified_gmt":"2019-07-29T07:41:59","slug":"amfiteater","status":"publish","type":"page","link":"https:\/\/kulturamoldava.sk\/hu\/amfiteater\/","title":{"rendered":"Szabadt\u00e9ri sz\u00ednpad"},"content":{"rendered":"<div id=\"cmsmasters_row_ik91yghe8\" class=\"cmsmasters_row cmsmasters_color_scheme_default cmsmasters_row_top_default cmsmasters_row_bot_default cmsmasters_row_boxed\">\n<div class=\"cmsmasters_row_outer_parent\">\n<div class=\"cmsmasters_row_outer\">\n<div class=\"cmsmasters_row_inner\">\n<div class=\"cmsmasters_row_margin\">\n<div id=\"cmsmasters_column_qx3haw6jak\" class=\"cmsmasters_column one_first\">\n<div class=\"cmsmasters_column_inner\"><div id=\"cmsmasters_gallery_kpg2nbay1f\" class=\"cmsmasters_gallery_wrap\" data-type=\"grid\" data-count=\"0\"><ul class=\"cmsmasters_gallery cmsmasters_2 cmsmasters_more_items_loader\"><li class=\"cmsmasters_gallery_item\"><figure><a href=\"https:\/\/kulturamoldava.sk\/wp-content\/uploads\/2019\/07\/20150701_134349_resized.jpg\" rel=\"ilightbox[kpg2nbay1f]\"><img loading=\"lazy\" decoding=\"async\" width=\"2448\" height=\"1377\" src=\"https:\/\/kulturamoldava.sk\/wp-content\/uploads\/2019\/07\/20150701_134349_resized.jpg\" class=\"attachment-full size-full\" alt=\"\" srcset=\"https:\/\/kulturamoldava.sk\/wp-content\/uploads\/2019\/07\/20150701_134349_resized.jpg 2448w, https:\/\/kulturamoldava.sk\/wp-content\/uploads\/2019\/07\/20150701_134349_resized-600x338.jpg 600w, https:\/\/kulturamoldava.sk\/wp-content\/uploads\/2019\/07\/20150701_134349_resized-300x169.jpg 300w, https:\/\/kulturamoldava.sk\/wp-content\/uploads\/2019\/07\/20150701_134349_resized-768x432.jpg 768w, https:\/\/kulturamoldava.sk\/wp-content\/uploads\/2019\/07\/20150701_134349_resized-1024x576.jpg 1024w, https:\/\/kulturamoldava.sk\/wp-content\/uploads\/2019\/07\/20150701_134349_resized-580x326.jpg 580w, https:\/\/kulturamoldava.sk\/wp-content\/uploads\/2019\/07\/20150701_134349_resized-860x484.jpg 860w, https:\/\/kulturamoldava.sk\/wp-content\/uploads\/2019\/07\/20150701_134349_resized-1160x653.jpg 1160w, https:\/\/kulturamoldava.sk\/wp-content\/uploads\/2019\/07\/20150701_134349_resized-1320x743.jpg 1320w\" sizes=\"auto, (max-width: 2448px) 100vw, 2448px\" \/><\/a><\/figure><\/li><li class=\"cmsmasters_gallery_item\"><figure><a href=\"https:\/\/kulturamoldava.sk\/wp-content\/uploads\/2019\/07\/20150701_134357_resized.jpg\" rel=\"ilightbox[kpg2nbay1f]\"><img loading=\"lazy\" decoding=\"async\" width=\"2448\" height=\"1377\" src=\"https:\/\/kulturamoldava.sk\/wp-content\/uploads\/2019\/07\/20150701_134357_resized.jpg\" class=\"attachment-full size-full\" alt=\"\" srcset=\"https:\/\/kulturamoldava.sk\/wp-content\/uploads\/2019\/07\/20150701_134357_resized.jpg 2448w, https:\/\/kulturamoldava.sk\/wp-content\/uploads\/2019\/07\/20150701_134357_resized-600x338.jpg 600w, https:\/\/kulturamoldava.sk\/wp-content\/uploads\/2019\/07\/20150701_134357_resized-300x169.jpg 300w, https:\/\/kulturamoldava.sk\/wp-content\/uploads\/2019\/07\/20150701_134357_resized-768x432.jpg 768w, https:\/\/kulturamoldava.sk\/wp-content\/uploads\/2019\/07\/20150701_134357_resized-1024x576.jpg 1024w, https:\/\/kulturamoldava.sk\/wp-content\/uploads\/2019\/07\/20150701_134357_resized-580x326.jpg 580w, https:\/\/kulturamoldava.sk\/wp-content\/uploads\/2019\/07\/20150701_134357_resized-860x484.jpg 860w, https:\/\/kulturamoldava.sk\/wp-content\/uploads\/2019\/07\/20150701_134357_resized-1160x653.jpg 1160w, https:\/\/kulturamoldava.sk\/wp-content\/uploads\/2019\/07\/20150701_134357_resized-1320x743.jpg 1320w\" sizes=\"auto, (max-width: 2448px) 100vw, 2448px\" \/><\/a><\/figure><\/li><li class=\"cmsmasters_gallery_item\"><figure><a href=\"https:\/\/kulturamoldava.sk\/wp-content\/uploads\/2019\/07\/20150701_134517_resized.jpg\" rel=\"ilightbox[kpg2nbay1f]\"><img loading=\"lazy\" decoding=\"async\" width=\"2448\" height=\"1377\" src=\"https:\/\/kulturamoldava.sk\/wp-content\/uploads\/2019\/07\/20150701_134517_resized.jpg\" class=\"attachment-full size-full\" alt=\"\" srcset=\"https:\/\/kulturamoldava.sk\/wp-content\/uploads\/2019\/07\/20150701_134517_resized.jpg 2448w, https:\/\/kulturamoldava.sk\/wp-content\/uploads\/2019\/07\/20150701_134517_resized-600x338.jpg 600w, https:\/\/kulturamoldava.sk\/wp-content\/uploads\/2019\/07\/20150701_134517_resized-300x169.jpg 300w, https:\/\/kulturamoldava.sk\/wp-content\/uploads\/2019\/07\/20150701_134517_resized-768x432.jpg 768w, https:\/\/kulturamoldava.sk\/wp-content\/uploads\/2019\/07\/20150701_134517_resized-1024x576.jpg 1024w, https:\/\/kulturamoldava.sk\/wp-content\/uploads\/2019\/07\/20150701_134517_resized-580x326.jpg 580w, https:\/\/kulturamoldava.sk\/wp-content\/uploads\/2019\/07\/20150701_134517_resized-860x484.jpg 860w, https:\/\/kulturamoldava.sk\/wp-content\/uploads\/2019\/07\/20150701_134517_resized-1160x653.jpg 1160w, https:\/\/kulturamoldava.sk\/wp-content\/uploads\/2019\/07\/20150701_134517_resized-1320x743.jpg 1320w\" sizes=\"auto, (max-width: 2448px) 100vw, 2448px\" \/><\/a><\/figure><\/li><li class=\"cmsmasters_gallery_item\"><figure><a href=\"https:\/\/kulturamoldava.sk\/wp-content\/uploads\/2019\/07\/20150701_134453_resized.jpg\" rel=\"ilightbox[kpg2nbay1f]\"><img loading=\"lazy\" decoding=\"async\" width=\"2448\" height=\"1377\" src=\"https:\/\/kulturamoldava.sk\/wp-content\/uploads\/2019\/07\/20150701_134453_resized.jpg\" class=\"attachment-full size-full\" alt=\"\" srcset=\"https:\/\/kulturamoldava.sk\/wp-content\/uploads\/2019\/07\/20150701_134453_resized.jpg 2448w, https:\/\/kulturamoldava.sk\/wp-content\/uploads\/2019\/07\/20150701_134453_resized-600x338.jpg 600w, https:\/\/kulturamoldava.sk\/wp-content\/uploads\/2019\/07\/20150701_134453_resized-300x169.jpg 300w, https:\/\/kulturamoldava.sk\/wp-content\/uploads\/2019\/07\/20150701_134453_resized-768x432.jpg 768w, https:\/\/kulturamoldava.sk\/wp-content\/uploads\/2019\/07\/20150701_134453_resized-1024x576.jpg 1024w, https:\/\/kulturamoldava.sk\/wp-content\/uploads\/2019\/07\/20150701_134453_resized-580x326.jpg 580w, https:\/\/kulturamoldava.sk\/wp-content\/uploads\/2019\/07\/20150701_134453_resized-860x484.jpg 860w, https:\/\/kulturamoldava.sk\/wp-content\/uploads\/2019\/07\/20150701_134453_resized-1160x653.jpg 1160w, https:\/\/kulturamoldava.sk\/wp-content\/uploads\/2019\/07\/20150701_134453_resized-1320x743.jpg 1320w\" sizes=\"auto, (max-width: 2448px) 100vw, 2448px\" \/><\/a><\/figure><\/li><\/ul><\/div>\n<\/div><\/div>\n<\/div>\n<\/div>\n<\/div>\n<\/div>\n<\/div>\n\n","protected":false},"excerpt":{"rendered":"","protected":false},"author":1,"featured_media":0,"parent":0,"menu_order":0,"comment_status":"closed","ping_status":"closed","template":"","meta":{"ngg_post_thumbnail":0,"footnotes":""},"class_list":["post-20893","page","type-page","status-publish","hentry"],"yoast_head":"<!-- This site is optimized with the Yoast SEO plugin v27.5 - https:\/\/yoast.com\/product\/yoast-seo-wordpress\/ -->\n<title>Amfite\u00e1ter - Mestsk\u00e9 kult\u00farne stredisko Moldava nad Bodvou<\/title>\n<meta name=\"robots\" content=\"index, follow, max-snippet:-1, max-image-preview:large, max-video-preview:-1\" \/>\n<link rel=\"canonical\" href=\"https:\/\/kulturamoldava.sk\/hu\/amfiteater\/\" \/>\n<meta property=\"og:locale\" content=\"hu_HU\" \/>\n<meta property=\"og:type\" content=\"article\" \/>\n<meta property=\"og:title\" content=\"Amfite\u00e1ter - Mestsk\u00e9 kult\u00farne stredisko Moldava nad Bodvou\" \/>\n<meta property=\"og:url\" content=\"https:\/\/kulturamoldava.sk\/hu\/amfiteater\/\" \/>\n<meta property=\"og:site_name\" content=\"Mestsk\u00e9 kult\u00farne stredisko Moldava nad Bodvou\" \/>\n<meta property=\"article:modified_time\" content=\"2019-07-29T07:41:59+00:00\" \/>\n<meta name=\"twitter:card\" content=\"summary_large_image\" \/>\n<meta name=\"twitter:label1\" content=\"Becs\u00fclt olvas\u00e1si id\u0151\" \/>\n\t<meta name=\"twitter:data1\" content=\"1 perc\" \/>\n<script type=\"application\/ld+json\" class=\"yoast-schema-graph\">{\"@context\":\"https:\\\/\\\/schema.org\",\"@graph\":[{\"@type\":\"WebPage\",\"@id\":\"https:\\\/\\\/kulturamoldava.sk\\\/amfiteater\\\/\",\"url\":\"https:\\\/\\\/kulturamoldava.sk\\\/amfiteater\\\/\",\"name\":\"Amfite\u00e1ter - Mestsk\u00e9 kult\u00farne stredisko Moldava nad Bodvou\",\"isPartOf\":{\"@id\":\"https:\\\/\\\/kulturamoldava.sk\\\/#website\"},\"datePublished\":\"2019-07-29T07:35:49+00:00\",\"dateModified\":\"2019-07-29T07:41:59+00:00\",\"breadcrumb\":{\"@id\":\"https:\\\/\\\/kulturamoldava.sk\\\/amfiteater\\\/#breadcrumb\"},\"inLanguage\":\"hu\",\"potentialAction\":[{\"@type\":\"ReadAction\",\"target\":[\"https:\\\/\\\/kulturamoldava.sk\\\/amfiteater\\\/\"]}]},{\"@type\":\"BreadcrumbList\",\"@id\":\"https:\\\/\\\/kulturamoldava.sk\\\/amfiteater\\\/#breadcrumb\",\"itemListElement\":[{\"@type\":\"ListItem\",\"position\":1,\"name\":\"Home\",\"item\":\"https:\\\/\\\/kulturamoldava.sk\\\/\"},{\"@type\":\"ListItem\",\"position\":2,\"name\":\"Amfite\u00e1ter\"}]},{\"@type\":\"WebSite\",\"@id\":\"https:\\\/\\\/kulturamoldava.sk\\\/#website\",\"url\":\"https:\\\/\\\/kulturamoldava.sk\\\/\",\"name\":\"Mestsk\u00e9 kult\u00farne stredisko Moldava nad Bodvou\",\"description\":\"\",\"potentialAction\":[{\"@type\":\"SearchAction\",\"target\":{\"@type\":\"EntryPoint\",\"urlTemplate\":\"https:\\\/\\\/kulturamoldava.sk\\\/?s={search_term_string}\"},\"query-input\":{\"@type\":\"PropertyValueSpecification\",\"valueRequired\":true,\"valueName\":\"search_term_string\"}}],\"inLanguage\":\"hu\"}]}<\/script>\n<!-- \/ Yoast SEO plugin. -->","yoast_head_json":{"title":"Amfite\u00e1ter - Mestsk\u00e9 kult\u00farne stredisko Moldava nad Bodvou","robots":{"index":"index","follow":"follow","max-snippet":"max-snippet:-1","max-image-preview":"max-image-preview:large","max-video-preview":"max-video-preview:-1"},"canonical":"https:\/\/kulturamoldava.sk\/hu\/amfiteater\/","og_locale":"hu_HU","og_type":"article","og_title":"Amfite\u00e1ter - Mestsk\u00e9 kult\u00farne stredisko Moldava nad Bodvou","og_url":"https:\/\/kulturamoldava.sk\/hu\/amfiteater\/","og_site_name":"Mestsk\u00e9 kult\u00farne stredisko Moldava nad Bodvou","article_modified_time":"2019-07-29T07:41:59+00:00","twitter_card":"summary_large_image","twitter_misc":{"Becs\u00fclt olvas\u00e1si id\u0151":"1 perc"},"schema":{"@context":"https:\/\/schema.org","@graph":[{"@type":"WebPage","@id":"https:\/\/kulturamoldava.sk\/amfiteater\/","url":"https:\/\/kulturamoldava.sk\/amfiteater\/","name":"Amfite\u00e1ter - Mestsk\u00e9 kult\u00farne stredisko Moldava nad Bodvou","isPartOf":{"@id":"https:\/\/kulturamoldava.sk\/#website"},"datePublished":"2019-07-29T07:35:49+00:00","dateModified":"2019-07-29T07:41:59+00:00","breadcrumb":{"@id":"https:\/\/kulturamoldava.sk\/amfiteater\/#breadcrumb"},"inLanguage":"hu","potentialAction":[{"@type":"ReadAction","target":["https:\/\/kulturamoldava.sk\/amfiteater\/"]}]},{"@type":"BreadcrumbList","@id":"https:\/\/kulturamoldava.sk\/amfiteater\/#breadcrumb","itemListElement":[{"@type":"ListItem","position":1,"name":"Home","item":"https:\/\/kulturamoldava.sk\/"},{"@type":"ListItem","position":2,"name":"Amfite\u00e1ter"}]},{"@type":"WebSite","@id":"https:\/\/kulturamoldava.sk\/#website","url":"https:\/\/kulturamoldava.sk\/","name":"Szepsi V\u00e1rosi M\u0171vel\u0151d\u00e9si K\u00f6zpont","description":"","potentialAction":[{"@type":"SearchAction","target":{"@type":"EntryPoint","urlTemplate":"https:\/\/kulturamoldava.sk\/?s={search_term_string}"},"query-input":{"@type":"PropertyValueSpecification","valueRequired":true,"valueName":"search_term_string"}}],"inLanguage":"hu"}]}},"_links":{"self":[{"href":"https:\/\/kulturamoldava.sk\/hu\/wp-json\/wp\/v2\/pages\/20893","targetHints":{"allow":["GET"]}}],"collection":[{"href":"https:\/\/kulturamoldava.sk\/hu\/wp-json\/wp\/v2\/pages"}],"about":[{"href":"https:\/\/kulturamoldava.sk\/hu\/wp-json\/wp\/v2\/types\/page"}],"author":[{"embeddable":true,"href":"https:\/\/kulturamoldava.sk\/hu\/wp-json\/wp\/v2\/users\/1"}],"replies":[{"embeddable":true,"href":"https:\/\/kulturamoldava.sk\/hu\/wp-json\/wp\/v2\/comments?post=20893"}],"version-history":[{"count":6,"href":"https:\/\/kulturamoldava.sk\/hu\/wp-json\/wp\/v2\/pages\/20893\/revisions"}],"predecessor-version":[{"id":20905,"href":"https:\/\/kulturamoldava.sk\/hu\/wp-json\/wp\/v2\/pages\/20893\/revisions\/20905"}],"wp:attachment":[{"href":"https:\/\/kulturamoldava.sk\/hu\/wp-json\/wp\/v2\/media?parent=20893"}],"curies":[{"name":"wp","href":"https:\/\/api.w.org\/{rel}","templated":true}]}}