{"id":16889,"date":"2019-07-25T22:43:13","date_gmt":"2019-07-25T20:43:13","guid":{"rendered":"http:\/\/kulturamoldava.csemadokbodollo.sk\/?page_id=16889"},"modified":"2024-01-16T19:02:32","modified_gmt":"2024-01-16T18:02:32","slug":"geleria-2015","status":"publish","type":"page","link":"https:\/\/kulturamoldava.sk\/hu\/geleria-2015\/","title":{"rendered":"Gal\u00e9ria 2015"},"content":{"rendered":"<div id=\"cmsmasters_row_\" class=\"cmsmasters_row cmsmasters_color_scheme_default cmsmasters_row_top_default cmsmasters_row_bot_default cmsmasters_row_boxed\">\n<div class=\"cmsmasters_row_outer_parent\">\n<div class=\"cmsmasters_row_outer\">\n<div class=\"cmsmasters_row_inner\">\n<div class=\"cmsmasters_row_margin\">\n<div id=\"cmsmasters_column_\" class=\"cmsmasters_column one_first\">\n<div class=\"cmsmasters_column_inner\"><div class=\"cmsmasters_text\">\n<p style=\"text-align: center; font-size: 27px;\"><a style=\"font-size: 30px;\" href=\"https:\/\/kulturamoldava.sk\/hu\/spravodajstvo\/\">2023.<\/a><a style=\"font-size: 30px;\" href=\"https:\/\/kulturamoldava.sk\/hu\/galeria-2021\/\"> |<\/a><a style=\"font-size: 30px;\" href=\"https:\/\/kulturamoldava.sk\/hu\/galeria-2022\/\"> 2022.<\/a><a style=\"font-size: 30px;\" href=\"https:\/\/kulturamoldava.sk\/hu\/galeria-2021\/\"> |&nbsp;<\/a><a style=\"font-size: 30px;\" href=\"https:\/\/kulturamoldava.sk\/hu\/galeria-2021\/\">2021.<\/a><a style=\"font-size: 30px;\" href=\"https:\/\/kulturamoldava.sk\/hu\/galeria-2021\/\"> |&nbsp;<\/a><a style=\"font-size: 30px;\" href=\"https:\/\/kulturamoldava.sk\/hu\/galeria-2020\/\"> 2020.<\/a><a style=\"font-size: 30px;\" href=\"https:\/\/kulturamoldava.sk\/hu\/galeria-2021\/\"> | <\/a><a style=\"font-size: 30px;\" href=\"https:\/\/kulturamoldava.sk\/hu\/galeria-2019\/\">2019<\/a><a style=\"font-size: 30px;\" href=\"https:\/\/kulturamoldava.sk\/hu\/galeria-2021\/\"> | <\/a><a style=\"font-size: 30px;\" href=\"https:\/\/kulturamoldava.sk\/hu\/galeria-2018\/\">2018.<\/a><a style=\"font-size: 30px;\" href=\"https:\/\/kulturamoldava.sk\/hu\/galeria-2021\/\"> | <\/a><a style=\"font-size: 30px;\" href=\"https:\/\/kulturamoldava.sk\/hu\/galeria-2017\/\">2017.<\/a><a style=\"font-size: 30px;\" href=\"https:\/\/kulturamoldava.sk\/hu\/galeria-2021\/\"> | <\/a><a style=\"font-size: 30px;\" href=\"https:\/\/kulturamoldava.sk\/hu\/galeria-2016\/\">2016.<\/a><a style=\"font-size: 30px;\" href=\"https:\/\/kulturamoldava.sk\/hu\/galeria-2021\/\"> | <\/a><a style=\"font-size: 30px;\" href=\"https:\/\/kulturamoldava.sk\/hu\/geleria-2015\/\">2015.<\/a><\/p>\n<\/p>\n<p>ngg_shortcode_0_placeholder<\/p>\n<\/div>\n<\/div><\/div>\n<\/div>\n<\/div>\n<\/div>\n<\/div>\n<\/div>","protected":false},"excerpt":{"rendered":"","protected":false},"author":1,"featured_media":0,"parent":0,"menu_order":0,"comment_status":"closed","ping_status":"closed","template":"","meta":{"ngg_post_thumbnail":0,"footnotes":""},"class_list":["post-16889","page","type-page","status-publish","hentry"],"yoast_head":"<!-- This site is optimized with the Yoast SEO plugin v27.5 - https:\/\/yoast.com\/product\/yoast-seo-wordpress\/ -->\n<title>Gal\u00e9ria 2015 - Mestsk\u00e9 kult\u00farne stredisko Moldava nad Bodvou<\/title>\n<meta name=\"robots\" content=\"index, follow, max-snippet:-1, max-image-preview:large, max-video-preview:-1\" \/>\n<link rel=\"canonical\" href=\"https:\/\/kulturamoldava.sk\/hu\/geleria-2015\/\" \/>\n<meta property=\"og:locale\" content=\"hu_HU\" \/>\n<meta property=\"og:type\" content=\"article\" \/>\n<meta property=\"og:title\" content=\"Gal\u00e9ria 2015 - Mestsk\u00e9 kult\u00farne stredisko Moldava nad Bodvou\" \/>\n<meta property=\"og:url\" content=\"https:\/\/kulturamoldava.sk\/hu\/geleria-2015\/\" \/>\n<meta property=\"og:site_name\" content=\"Mestsk\u00e9 kult\u00farne stredisko Moldava nad Bodvou\" \/>\n<meta property=\"article:modified_time\" content=\"2024-01-16T18:02:32+00:00\" \/>\n<meta name=\"twitter:card\" content=\"summary_large_image\" \/>\n<meta name=\"twitter:label1\" content=\"Becs\u00fclt olvas\u00e1si id\u0151\" \/>\n\t<meta name=\"twitter:data1\" content=\"1 perc\" \/>\n<script type=\"application\/ld+json\" class=\"yoast-schema-graph\">{\"@context\":\"https:\\\/\\\/schema.org\",\"@graph\":[{\"@type\":\"WebPage\",\"@id\":\"https:\\\/\\\/kulturamoldava.sk\\\/geleria-2015\\\/\",\"url\":\"https:\\\/\\\/kulturamoldava.sk\\\/geleria-2015\\\/\",\"name\":\"Gal\u00e9ria 2015 - Mestsk\u00e9 kult\u00farne stredisko Moldava nad Bodvou\",\"isPartOf\":{\"@id\":\"https:\\\/\\\/kulturamoldava.sk\\\/#website\"},\"datePublished\":\"2019-07-25T20:43:13+00:00\",\"dateModified\":\"2024-01-16T18:02:32+00:00\",\"breadcrumb\":{\"@id\":\"https:\\\/\\\/kulturamoldava.sk\\\/geleria-2015\\\/#breadcrumb\"},\"inLanguage\":\"hu\",\"potentialAction\":[{\"@type\":\"ReadAction\",\"target\":[\"https:\\\/\\\/kulturamoldava.sk\\\/geleria-2015\\\/\"]}]},{\"@type\":\"BreadcrumbList\",\"@id\":\"https:\\\/\\\/kulturamoldava.sk\\\/geleria-2015\\\/#breadcrumb\",\"itemListElement\":[{\"@type\":\"ListItem\",\"position\":1,\"name\":\"Home\",\"item\":\"https:\\\/\\\/kulturamoldava.sk\\\/\"},{\"@type\":\"ListItem\",\"position\":2,\"name\":\"Gal\u00e9ria 2015\"}]},{\"@type\":\"WebSite\",\"@id\":\"https:\\\/\\\/kulturamoldava.sk\\\/#website\",\"url\":\"https:\\\/\\\/kulturamoldava.sk\\\/\",\"name\":\"Mestsk\u00e9 kult\u00farne stredisko Moldava nad Bodvou\",\"description\":\"\",\"potentialAction\":[{\"@type\":\"SearchAction\",\"target\":{\"@type\":\"EntryPoint\",\"urlTemplate\":\"https:\\\/\\\/kulturamoldava.sk\\\/?s={search_term_string}\"},\"query-input\":{\"@type\":\"PropertyValueSpecification\",\"valueRequired\":true,\"valueName\":\"search_term_string\"}}],\"inLanguage\":\"hu\"}]}<\/script>\n<!-- \/ Yoast SEO plugin. -->","yoast_head_json":{"title":"Gal\u00e9ria 2015 - Mestsk\u00e9 kult\u00farne stredisko Moldava nad Bodvou","robots":{"index":"index","follow":"follow","max-snippet":"max-snippet:-1","max-image-preview":"max-image-preview:large","max-video-preview":"max-video-preview:-1"},"canonical":"https:\/\/kulturamoldava.sk\/hu\/geleria-2015\/","og_locale":"hu_HU","og_type":"article","og_title":"Gal\u00e9ria 2015 - Mestsk\u00e9 kult\u00farne stredisko Moldava nad Bodvou","og_url":"https:\/\/kulturamoldava.sk\/hu\/geleria-2015\/","og_site_name":"Mestsk\u00e9 kult\u00farne stredisko Moldava nad Bodvou","article_modified_time":"2024-01-16T18:02:32+00:00","twitter_card":"summary_large_image","twitter_misc":{"Becs\u00fclt olvas\u00e1si id\u0151":"1 perc"},"schema":{"@context":"https:\/\/schema.org","@graph":[{"@type":"WebPage","@id":"https:\/\/kulturamoldava.sk\/geleria-2015\/","url":"https:\/\/kulturamoldava.sk\/geleria-2015\/","name":"Gal\u00e9ria 2015 - Mestsk\u00e9 kult\u00farne stredisko Moldava nad Bodvou","isPartOf":{"@id":"https:\/\/kulturamoldava.sk\/#website"},"datePublished":"2019-07-25T20:43:13+00:00","dateModified":"2024-01-16T18:02:32+00:00","breadcrumb":{"@id":"https:\/\/kulturamoldava.sk\/geleria-2015\/#breadcrumb"},"inLanguage":"hu","potentialAction":[{"@type":"ReadAction","target":["https:\/\/kulturamoldava.sk\/geleria-2015\/"]}]},{"@type":"BreadcrumbList","@id":"https:\/\/kulturamoldava.sk\/geleria-2015\/#breadcrumb","itemListElement":[{"@type":"ListItem","position":1,"name":"Home","item":"https:\/\/kulturamoldava.sk\/"},{"@type":"ListItem","position":2,"name":"Gal\u00e9ria 2015"}]},{"@type":"WebSite","@id":"https:\/\/kulturamoldava.sk\/#website","url":"https:\/\/kulturamoldava.sk\/","name":"Szepsi V\u00e1rosi M\u0171vel\u0151d\u00e9si K\u00f6zpont","description":"","potentialAction":[{"@type":"SearchAction","target":{"@type":"EntryPoint","urlTemplate":"https:\/\/kulturamoldava.sk\/?s={search_term_string}"},"query-input":{"@type":"PropertyValueSpecification","valueRequired":true,"valueName":"search_term_string"}}],"inLanguage":"hu"}]}},"_links":{"self":[{"href":"https:\/\/kulturamoldava.sk\/hu\/wp-json\/wp\/v2\/pages\/16889","targetHints":{"allow":["GET"]}}],"collection":[{"href":"https:\/\/kulturamoldava.sk\/hu\/wp-json\/wp\/v2\/pages"}],"about":[{"href":"https:\/\/kulturamoldava.sk\/hu\/wp-json\/wp\/v2\/types\/page"}],"author":[{"embeddable":true,"href":"https:\/\/kulturamoldava.sk\/hu\/wp-json\/wp\/v2\/users\/1"}],"replies":[{"embeddable":true,"href":"https:\/\/kulturamoldava.sk\/hu\/wp-json\/wp\/v2\/comments?post=16889"}],"version-history":[{"count":16,"href":"https:\/\/kulturamoldava.sk\/hu\/wp-json\/wp\/v2\/pages\/16889\/revisions"}],"predecessor-version":[{"id":30319,"href":"https:\/\/kulturamoldava.sk\/hu\/wp-json\/wp\/v2\/pages\/16889\/revisions\/30319"}],"wp:attachment":[{"href":"https:\/\/kulturamoldava.sk\/hu\/wp-json\/wp\/v2\/media?parent=16889"}],"curies":[{"name":"wp","href":"https:\/\/api.w.org\/{rel}","templated":true}]}}